{"id":18184,"date":"2025-12-03T08:13:57","date_gmt":"2025-12-03T08:13:57","guid":{"rendered":"https:\/\/laborimhorse.redbit.agency\/products\/fourche-panier-a-copeaux-la-gee-renforcee\/"},"modified":"2025-12-03T08:14:04","modified_gmt":"2025-12-03T08:14:04","slug":"fourche-panier-a-copeaux-la-gee-renforcee","status":"publish","type":"product","link":"https:\/\/laborimhorse.redbit.agency\/fr\/produit\/fourche-panier-a-copeaux-la-gee-renforcee\/","title":{"rendered":"Fourche panier \u00e0 copeaux La G\u00e9e renfor\u00e7\u00e9e"},"content":{"rendered":"<p>&nbsp;<\/p>\n","protected":false},"excerpt":{"rendered":"<p>&nbsp;<\/p>\n","protected":false},"featured_media":6911,"template":"","meta":[],"product_brand":[],"product_cat":[374],"product_tag":[],"class_list":{"0":"post-18184","1":"product","2":"type-product","3":"status-publish","4":"has-post-thumbnail","6":"product_cat-ramasse-crottin-fourche-a-crottins-fr","8":"first","9":"instock","10":"product-type-simple"},"aioseo_notices":[],"_links":{"self":[{"href":"https:\/\/laborimhorse.redbit.agency\/fr\/wp-json\/wp\/v2\/product\/18184","targetHints":{"allow":["GET"]}}],"collection":[{"href":"https:\/\/laborimhorse.redbit.agency\/fr\/wp-json\/wp\/v2\/product"}],"about":[{"href":"https:\/\/laborimhorse.redbit.agency\/fr\/wp-json\/wp\/v2\/types\/product"}],"wp:featuredmedia":[{"embeddable":true,"href":"https:\/\/laborimhorse.redbit.agency\/fr\/wp-json\/wp\/v2\/media\/6911"}],"wp:attachment":[{"href":"https:\/\/laborimhorse.redbit.agency\/fr\/wp-json\/wp\/v2\/media?parent=18184"}],"wp:term":[{"taxonomy":"product_brand","embeddable":true,"href":"https:\/\/laborimhorse.redbit.agency\/fr\/wp-json\/wp\/v2\/product_brand?post=18184"},{"taxonomy":"product_cat","embeddable":true,"href":"https:\/\/laborimhorse.redbit.agency\/fr\/wp-json\/wp\/v2\/product_cat?post=18184"},{"taxonomy":"product_tag","embeddable":true,"href":"https:\/\/laborimhorse.redbit.agency\/fr\/wp-json\/wp\/v2\/product_tag?post=18184"}],"curies":[{"name":"wp","href":"https:\/\/api.w.org\/{rel}","templated":true}]}}