{"id":17920,"date":"2025-12-03T08:11:16","date_gmt":"2025-12-03T08:11:16","guid":{"rendered":"https:\/\/laborimhorse.redbit.agency\/products\/racleur-a-mains-pp-lg-0-38-m-vert-manche-1-80m-livre-monte\/"},"modified":"2025-12-03T08:11:21","modified_gmt":"2025-12-03T08:11:21","slug":"racleur-a-mains-pp-lg-0-38-m-vert-manche-1-80m-livre-monte","status":"publish","type":"product","link":"https:\/\/laborimhorse.redbit.agency\/fr\/produit\/racleur-a-mains-pp-lg-0-38-m-vert-manche-1-80m-livre-monte\/","title":{"rendered":"Racleur \u00e0 mains PP lg.0.38 m Vert-manche 1.80m-livr\u00e9 mont\u00e9"},"content":{"rendered":"<p>&nbsp;<\/p>\n","protected":false},"excerpt":{"rendered":"<p>&nbsp;<\/p>\n","protected":false},"featured_media":10417,"template":"","meta":[],"product_brand":[],"product_cat":[377],"product_tag":[],"class_list":{"0":"post-17920","1":"product","2":"type-product","3":"status-publish","4":"has-post-thumbnail","6":"product_cat-grattoir-fr","8":"first","9":"instock","10":"product-type-simple"},"aioseo_notices":[],"_links":{"self":[{"href":"https:\/\/laborimhorse.redbit.agency\/fr\/wp-json\/wp\/v2\/product\/17920","targetHints":{"allow":["GET"]}}],"collection":[{"href":"https:\/\/laborimhorse.redbit.agency\/fr\/wp-json\/wp\/v2\/product"}],"about":[{"href":"https:\/\/laborimhorse.redbit.agency\/fr\/wp-json\/wp\/v2\/types\/product"}],"wp:featuredmedia":[{"embeddable":true,"href":"https:\/\/laborimhorse.redbit.agency\/fr\/wp-json\/wp\/v2\/media\/10417"}],"wp:attachment":[{"href":"https:\/\/laborimhorse.redbit.agency\/fr\/wp-json\/wp\/v2\/media?parent=17920"}],"wp:term":[{"taxonomy":"product_brand","embeddable":true,"href":"https:\/\/laborimhorse.redbit.agency\/fr\/wp-json\/wp\/v2\/product_brand?post=17920"},{"taxonomy":"product_cat","embeddable":true,"href":"https:\/\/laborimhorse.redbit.agency\/fr\/wp-json\/wp\/v2\/product_cat?post=17920"},{"taxonomy":"product_tag","embeddable":true,"href":"https:\/\/laborimhorse.redbit.agency\/fr\/wp-json\/wp\/v2\/product_tag?post=17920"}],"curies":[{"name":"wp","href":"https:\/\/api.w.org\/{rel}","templated":true}]}}