{"id":17672,"date":"2025-12-03T08:08:47","date_gmt":"2025-12-03T08:08:47","guid":{"rendered":"https:\/\/laborimhorse.redbit.agency\/products\/facade-passage-de-tete-a-encolure-reglable-sans-porte\/"},"modified":"2025-12-03T08:08:49","modified_gmt":"2025-12-03T08:08:49","slug":"facade-passage-de-tete-a-encolure-reglable-sans-porte","status":"publish","type":"product","link":"https:\/\/laborimhorse.redbit.agency\/fr\/produit\/facade-passage-de-tete-a-encolure-reglable-sans-porte\/","title":{"rendered":"Fa\u00e7ade passage de t\u00eate \u00e0 encolure r\u00e9glable sans porte"},"content":{"rendered":"<p>&nbsp;<\/p>\n","protected":false},"excerpt":{"rendered":"<p>&nbsp;<\/p>\n","protected":false},"featured_media":5569,"template":"","meta":[],"product_brand":[],"product_cat":[352],"product_tag":[],"class_list":{"0":"post-17672","1":"product","2":"type-product","3":"status-publish","4":"has-post-thumbnail","6":"product_cat-parois-fr","8":"first","9":"instock","10":"product-type-simple"},"aioseo_notices":[],"_links":{"self":[{"href":"https:\/\/laborimhorse.redbit.agency\/fr\/wp-json\/wp\/v2\/product\/17672","targetHints":{"allow":["GET"]}}],"collection":[{"href":"https:\/\/laborimhorse.redbit.agency\/fr\/wp-json\/wp\/v2\/product"}],"about":[{"href":"https:\/\/laborimhorse.redbit.agency\/fr\/wp-json\/wp\/v2\/types\/product"}],"wp:featuredmedia":[{"embeddable":true,"href":"https:\/\/laborimhorse.redbit.agency\/fr\/wp-json\/wp\/v2\/media\/5569"}],"wp:attachment":[{"href":"https:\/\/laborimhorse.redbit.agency\/fr\/wp-json\/wp\/v2\/media?parent=17672"}],"wp:term":[{"taxonomy":"product_brand","embeddable":true,"href":"https:\/\/laborimhorse.redbit.agency\/fr\/wp-json\/wp\/v2\/product_brand?post=17672"},{"taxonomy":"product_cat","embeddable":true,"href":"https:\/\/laborimhorse.redbit.agency\/fr\/wp-json\/wp\/v2\/product_cat?post=17672"},{"taxonomy":"product_tag","embeddable":true,"href":"https:\/\/laborimhorse.redbit.agency\/fr\/wp-json\/wp\/v2\/product_tag?post=17672"}],"curies":[{"name":"wp","href":"https:\/\/api.w.org\/{rel}","templated":true}]}}