{"id":17387,"date":"2025-12-03T08:05:44","date_gmt":"2025-12-03T08:05:44","guid":{"rendered":"https:\/\/laborimhorse.redbit.agency\/products\/support-a-lamelles-sur-rail-coulissant\/"},"modified":"2025-12-03T08:05:52","modified_gmt":"2025-12-03T08:05:52","slug":"support-a-lamelles-sur-rail-coulissant","status":"publish","type":"product","link":"https:\/\/laborimhorse.redbit.agency\/fr\/produit\/support-a-lamelles-sur-rail-coulissant\/","title":{"rendered":"Support \u00e0 lamelles sur rail coulissant"},"content":{"rendered":"<p>14 \u00e9l\u00e9ments &#8211; rail alu Long : 6,00 m Chariots coulissants &#8211; roulements polyamides 2 but\u00e9es en&#13;<br \/>\ncaoutchouc<\/p>\n","protected":false},"excerpt":{"rendered":"<p>14 \u00e9l\u00e9ments &#8211; rail alu Long : 6,00 m Chariots coulissants &#8211; roulements polyamides 2 but\u00e9es en&#13;<br \/>\ncaoutchouc<\/p>\n","protected":false},"featured_media":4397,"template":"","meta":[],"product_brand":[],"product_cat":[361],"product_tag":[],"class_list":{"0":"post-17387","1":"product","2":"type-product","3":"status-publish","4":"has-post-thumbnail","6":"product_cat-douche-de-lanimal-fr","8":"first","9":"instock","10":"product-type-simple"},"aioseo_notices":[],"_links":{"self":[{"href":"https:\/\/laborimhorse.redbit.agency\/fr\/wp-json\/wp\/v2\/product\/17387","targetHints":{"allow":["GET"]}}],"collection":[{"href":"https:\/\/laborimhorse.redbit.agency\/fr\/wp-json\/wp\/v2\/product"}],"about":[{"href":"https:\/\/laborimhorse.redbit.agency\/fr\/wp-json\/wp\/v2\/types\/product"}],"wp:featuredmedia":[{"embeddable":true,"href":"https:\/\/laborimhorse.redbit.agency\/fr\/wp-json\/wp\/v2\/media\/4397"}],"wp:attachment":[{"href":"https:\/\/laborimhorse.redbit.agency\/fr\/wp-json\/wp\/v2\/media?parent=17387"}],"wp:term":[{"taxonomy":"product_brand","embeddable":true,"href":"https:\/\/laborimhorse.redbit.agency\/fr\/wp-json\/wp\/v2\/product_brand?post=17387"},{"taxonomy":"product_cat","embeddable":true,"href":"https:\/\/laborimhorse.redbit.agency\/fr\/wp-json\/wp\/v2\/product_cat?post=17387"},{"taxonomy":"product_tag","embeddable":true,"href":"https:\/\/laborimhorse.redbit.agency\/fr\/wp-json\/wp\/v2\/product_tag?post=17387"}],"curies":[{"name":"wp","href":"https:\/\/api.w.org\/{rel}","templated":true}]}}