{"id":17299,"date":"2025-12-03T08:04:55","date_gmt":"2025-12-03T08:04:55","guid":{"rendered":"https:\/\/laborimhorse.redbit.agency\/products\/element-grillage-avec-passage-3\/"},"modified":"2025-12-03T08:05:00","modified_gmt":"2025-12-03T08:05:00","slug":"element-grillage-avec-passage-3","status":"publish","type":"product","link":"https:\/\/laborimhorse.redbit.agency\/fr\/produit\/element-grillage-avec-passage-3\/","title":{"rendered":"\u00c9l\u00e9ment Grillag\u00e9 avec Passage \u2013"},"content":{"rendered":"<p>Standard 240 cm Larg x 220 cm Haut<\/p>\n","protected":false},"excerpt":{"rendered":"<p>Standard 240 cm Larg x 220 cm Haut<\/p>\n","protected":false},"featured_media":4035,"template":"","meta":[],"product_brand":[],"product_cat":[398],"product_tag":[],"class_list":{"0":"post-17299","1":"product","2":"type-product","3":"status-publish","4":"has-post-thumbnail","6":"product_cat-panneau-de-cloture-fr","8":"first","9":"instock","10":"product-type-simple"},"aioseo_notices":[],"_links":{"self":[{"href":"https:\/\/laborimhorse.redbit.agency\/fr\/wp-json\/wp\/v2\/product\/17299","targetHints":{"allow":["GET"]}}],"collection":[{"href":"https:\/\/laborimhorse.redbit.agency\/fr\/wp-json\/wp\/v2\/product"}],"about":[{"href":"https:\/\/laborimhorse.redbit.agency\/fr\/wp-json\/wp\/v2\/types\/product"}],"wp:featuredmedia":[{"embeddable":true,"href":"https:\/\/laborimhorse.redbit.agency\/fr\/wp-json\/wp\/v2\/media\/4035"}],"wp:attachment":[{"href":"https:\/\/laborimhorse.redbit.agency\/fr\/wp-json\/wp\/v2\/media?parent=17299"}],"wp:term":[{"taxonomy":"product_brand","embeddable":true,"href":"https:\/\/laborimhorse.redbit.agency\/fr\/wp-json\/wp\/v2\/product_brand?post=17299"},{"taxonomy":"product_cat","embeddable":true,"href":"https:\/\/laborimhorse.redbit.agency\/fr\/wp-json\/wp\/v2\/product_cat?post=17299"},{"taxonomy":"product_tag","embeddable":true,"href":"https:\/\/laborimhorse.redbit.agency\/fr\/wp-json\/wp\/v2\/product_tag?post=17299"}],"curies":[{"name":"wp","href":"https:\/\/api.w.org\/{rel}","templated":true}]}}