{"id":17297,"date":"2025-12-03T08:04:55","date_gmt":"2025-12-03T08:04:55","guid":{"rendered":"https:\/\/laborimhorse.redbit.agency\/products\/element-grillage-avec-passage-2\/"},"modified":"2025-12-03T08:04:59","modified_gmt":"2025-12-03T08:04:59","slug":"element-grillage-avec-passage-2","status":"publish","type":"product","link":"https:\/\/laborimhorse.redbit.agency\/fr\/produit\/element-grillage-avec-passage-2\/","title":{"rendered":"\u00c9l\u00e9ment Grillag\u00e9 avec Passage \u2013"},"content":{"rendered":"<p>Standard 360 cm Larg x 220 cm Haut<\/p>\n","protected":false},"excerpt":{"rendered":"<p>Standard 360 cm Larg x 220 cm Haut<\/p>\n","protected":false},"featured_media":4027,"template":"","meta":[],"product_brand":[],"product_cat":[398],"product_tag":[],"class_list":{"0":"post-17297","1":"product","2":"type-product","3":"status-publish","4":"has-post-thumbnail","6":"product_cat-panneau-de-cloture-fr","8":"first","9":"instock","10":"product-type-simple"},"aioseo_notices":[],"_links":{"self":[{"href":"https:\/\/laborimhorse.redbit.agency\/fr\/wp-json\/wp\/v2\/product\/17297","targetHints":{"allow":["GET"]}}],"collection":[{"href":"https:\/\/laborimhorse.redbit.agency\/fr\/wp-json\/wp\/v2\/product"}],"about":[{"href":"https:\/\/laborimhorse.redbit.agency\/fr\/wp-json\/wp\/v2\/types\/product"}],"wp:featuredmedia":[{"embeddable":true,"href":"https:\/\/laborimhorse.redbit.agency\/fr\/wp-json\/wp\/v2\/media\/4027"}],"wp:attachment":[{"href":"https:\/\/laborimhorse.redbit.agency\/fr\/wp-json\/wp\/v2\/media?parent=17297"}],"wp:term":[{"taxonomy":"product_brand","embeddable":true,"href":"https:\/\/laborimhorse.redbit.agency\/fr\/wp-json\/wp\/v2\/product_brand?post=17297"},{"taxonomy":"product_cat","embeddable":true,"href":"https:\/\/laborimhorse.redbit.agency\/fr\/wp-json\/wp\/v2\/product_cat?post=17297"},{"taxonomy":"product_tag","embeddable":true,"href":"https:\/\/laborimhorse.redbit.agency\/fr\/wp-json\/wp\/v2\/product_tag?post=17297"}],"curies":[{"name":"wp","href":"https:\/\/api.w.org\/{rel}","templated":true}]}}