{"id":17291,"date":"2025-12-03T08:04:55","date_gmt":"2025-12-03T08:04:55","guid":{"rendered":"https:\/\/laborimhorse.redbit.agency\/products\/chariot-a-aliments-type-250-ll-avec-separation-et-reservoir\/"},"modified":"2025-12-03T08:04:57","modified_gmt":"2025-12-03T08:04:57","slug":"chariot-a-aliments-type-250-ll-avec-separation-et-reservoir","status":"publish","type":"product","link":"https:\/\/laborimhorse.redbit.agency\/fr\/produit\/chariot-a-aliments-type-250-ll-avec-separation-et-reservoir\/","title":{"rendered":"Chariot \u00e0 Aliments Type 250 LL avec s\u00e9paration et r\u00e9servoir"},"content":{"rendered":"<p>min&eacute;ral et couvercle<\/p>\n","protected":false},"excerpt":{"rendered":"<p>min&eacute;ral et couvercle<\/p>\n","protected":false},"featured_media":4003,"template":"","meta":[],"product_brand":[],"product_cat":[370],"product_tag":[],"class_list":{"0":"post-17291","1":"product","2":"type-product","3":"status-publish","4":"has-post-thumbnail","6":"product_cat-chariot-de-transport-fr","8":"first","9":"instock","10":"product-type-simple"},"aioseo_notices":[],"_links":{"self":[{"href":"https:\/\/laborimhorse.redbit.agency\/fr\/wp-json\/wp\/v2\/product\/17291","targetHints":{"allow":["GET"]}}],"collection":[{"href":"https:\/\/laborimhorse.redbit.agency\/fr\/wp-json\/wp\/v2\/product"}],"about":[{"href":"https:\/\/laborimhorse.redbit.agency\/fr\/wp-json\/wp\/v2\/types\/product"}],"wp:featuredmedia":[{"embeddable":true,"href":"https:\/\/laborimhorse.redbit.agency\/fr\/wp-json\/wp\/v2\/media\/4003"}],"wp:attachment":[{"href":"https:\/\/laborimhorse.redbit.agency\/fr\/wp-json\/wp\/v2\/media?parent=17291"}],"wp:term":[{"taxonomy":"product_brand","embeddable":true,"href":"https:\/\/laborimhorse.redbit.agency\/fr\/wp-json\/wp\/v2\/product_brand?post=17291"},{"taxonomy":"product_cat","embeddable":true,"href":"https:\/\/laborimhorse.redbit.agency\/fr\/wp-json\/wp\/v2\/product_cat?post=17291"},{"taxonomy":"product_tag","embeddable":true,"href":"https:\/\/laborimhorse.redbit.agency\/fr\/wp-json\/wp\/v2\/product_tag?post=17291"}],"curies":[{"name":"wp","href":"https:\/\/api.w.org\/{rel}","templated":true}]}}