{"id":17245,"date":"2025-12-03T08:04:16","date_gmt":"2025-12-03T08:04:16","guid":{"rendered":"https:\/\/laborimhorse.redbit.agency\/products\/chariot-a-aliments-avec-reservoir-mineral-et-couvercle\/"},"modified":"2025-12-03T08:04:25","modified_gmt":"2025-12-03T08:04:25","slug":"chariot-a-aliments-avec-reservoir-mineral-et-couvercle","status":"publish","type":"product","link":"https:\/\/laborimhorse.redbit.agency\/fr\/produit\/chariot-a-aliments-avec-reservoir-mineral-et-couvercle\/","title":{"rendered":"Chariot \u00e0 Aliments avec r\u00e9servoir min\u00e9ral et couvercle"},"content":{"rendered":"<ul>&#13;<\/p>\n<li>&#13;\n<p><strong>Voerwagen 180L met Mineralenbak en Deksel:<\/strong><\/p>\n<p>&#13;<br \/>\n&#13;<\/p>\n<ul>&#13;<\/p>\n<li>Voor wie zowel de mineralenbak als de bescherming van een deksel nodig heeft.<\/li>\n<p>&#13;\n\t<\/ul>\n<p>&#13;\n\t<\/li>\n<p>&#13;\n<\/ul>\n","protected":false},"excerpt":{"rendered":"<p>&#13;<br \/>\n\t&#13;<br \/>\n\tVoerwagen 180L met Mineralenbak en Deksel:&#13;<br \/>\n&#13;<br \/>\n\t&#13;<br \/>\n\t\tVoor wie zowel de mineralenbak als de bescherming van een deksel nodig heeft.&#13;<br \/>\n\t&#13;<br \/>\n\t&#13;<\/p>\n","protected":false},"featured_media":3781,"template":"","meta":[],"product_brand":[],"product_cat":[370],"product_tag":[],"class_list":{"0":"post-17245","1":"product","2":"type-product","3":"status-publish","4":"has-post-thumbnail","6":"product_cat-chariot-de-transport-fr","8":"first","9":"instock","10":"product-type-simple"},"aioseo_notices":[],"_links":{"self":[{"href":"https:\/\/laborimhorse.redbit.agency\/fr\/wp-json\/wp\/v2\/product\/17245","targetHints":{"allow":["GET"]}}],"collection":[{"href":"https:\/\/laborimhorse.redbit.agency\/fr\/wp-json\/wp\/v2\/product"}],"about":[{"href":"https:\/\/laborimhorse.redbit.agency\/fr\/wp-json\/wp\/v2\/types\/product"}],"wp:featuredmedia":[{"embeddable":true,"href":"https:\/\/laborimhorse.redbit.agency\/fr\/wp-json\/wp\/v2\/media\/3781"}],"wp:attachment":[{"href":"https:\/\/laborimhorse.redbit.agency\/fr\/wp-json\/wp\/v2\/media?parent=17245"}],"wp:term":[{"taxonomy":"product_brand","embeddable":true,"href":"https:\/\/laborimhorse.redbit.agency\/fr\/wp-json\/wp\/v2\/product_brand?post=17245"},{"taxonomy":"product_cat","embeddable":true,"href":"https:\/\/laborimhorse.redbit.agency\/fr\/wp-json\/wp\/v2\/product_cat?post=17245"},{"taxonomy":"product_tag","embeddable":true,"href":"https:\/\/laborimhorse.redbit.agency\/fr\/wp-json\/wp\/v2\/product_tag?post=17245"}],"curies":[{"name":"wp","href":"https:\/\/api.w.org\/{rel}","templated":true}]}}