{"id":17231,"date":"2025-12-03T08:04:16","date_gmt":"2025-12-03T08:04:16","guid":{"rendered":"https:\/\/laborimhorse.redbit.agency\/products\/chariot-a-aliments-avec-separation-et-reservoir-mineral-2\/"},"modified":"2025-12-03T08:04:17","modified_gmt":"2025-12-03T08:04:17","slug":"chariot-a-aliments-avec-separation-et-reservoir-mineral-2","status":"publish","type":"product","link":"https:\/\/laborimhorse.redbit.agency\/fr\/produit\/chariot-a-aliments-avec-separation-et-reservoir-mineral-2\/","title":{"rendered":"Chariot \u00e0 Aliments avec s\u00e9paration et r\u00e9servoir min\u00e9ral"},"content":{"rendered":"<p>et couvercle<\/p>\n","protected":false},"excerpt":{"rendered":"<p>et couvercle<\/p>\n","protected":false},"featured_media":3731,"template":"","meta":[],"product_brand":[],"product_cat":[370],"product_tag":[],"class_list":{"0":"post-17231","1":"product","2":"type-product","3":"status-publish","4":"has-post-thumbnail","6":"product_cat-chariot-de-transport-fr","8":"first","9":"instock","10":"product-type-simple"},"aioseo_notices":[],"_links":{"self":[{"href":"https:\/\/laborimhorse.redbit.agency\/fr\/wp-json\/wp\/v2\/product\/17231","targetHints":{"allow":["GET"]}}],"collection":[{"href":"https:\/\/laborimhorse.redbit.agency\/fr\/wp-json\/wp\/v2\/product"}],"about":[{"href":"https:\/\/laborimhorse.redbit.agency\/fr\/wp-json\/wp\/v2\/types\/product"}],"wp:featuredmedia":[{"embeddable":true,"href":"https:\/\/laborimhorse.redbit.agency\/fr\/wp-json\/wp\/v2\/media\/3731"}],"wp:attachment":[{"href":"https:\/\/laborimhorse.redbit.agency\/fr\/wp-json\/wp\/v2\/media?parent=17231"}],"wp:term":[{"taxonomy":"product_brand","embeddable":true,"href":"https:\/\/laborimhorse.redbit.agency\/fr\/wp-json\/wp\/v2\/product_brand?post=17231"},{"taxonomy":"product_cat","embeddable":true,"href":"https:\/\/laborimhorse.redbit.agency\/fr\/wp-json\/wp\/v2\/product_cat?post=17231"},{"taxonomy":"product_tag","embeddable":true,"href":"https:\/\/laborimhorse.redbit.agency\/fr\/wp-json\/wp\/v2\/product_tag?post=17231"}],"curies":[{"name":"wp","href":"https:\/\/api.w.org\/{rel}","templated":true}]}}