{"id":17194,"date":"2025-12-03T08:03:52","date_gmt":"2025-12-03T08:03:52","guid":{"rendered":"https:\/\/laborimhorse.redbit.agency\/products\/fourche-panier-prof-avec-cotes-hauts-poignee-en-alum-incl\/"},"modified":"2025-12-03T08:03:55","modified_gmt":"2025-12-03T08:03:55","slug":"fourche-panier-prof-avec-cotes-hauts-poignee-en-alum-incl","status":"publish","type":"product","link":"https:\/\/laborimhorse.redbit.agency\/fr\/produit\/fourche-panier-prof-avec-cotes-hauts-poignee-en-alum-incl\/","title":{"rendered":"Fourche panier prof., avec c\u00f4t\u00e9s hauts, poign\u00e9e en alum incl"},"content":{"rendered":"<p>&nbsp;<\/p>\n","protected":false},"excerpt":{"rendered":"<p>&nbsp;<\/p>\n","protected":false},"featured_media":3581,"template":"","meta":[],"product_brand":[],"product_cat":[374],"product_tag":[],"class_list":{"0":"post-17194","1":"product","2":"type-product","3":"status-publish","4":"has-post-thumbnail","6":"product_cat-ramasse-crottin-fourche-a-crottins-fr","8":"first","9":"instock","10":"product-type-simple"},"aioseo_notices":[],"_links":{"self":[{"href":"https:\/\/laborimhorse.redbit.agency\/fr\/wp-json\/wp\/v2\/product\/17194","targetHints":{"allow":["GET"]}}],"collection":[{"href":"https:\/\/laborimhorse.redbit.agency\/fr\/wp-json\/wp\/v2\/product"}],"about":[{"href":"https:\/\/laborimhorse.redbit.agency\/fr\/wp-json\/wp\/v2\/types\/product"}],"wp:featuredmedia":[{"embeddable":true,"href":"https:\/\/laborimhorse.redbit.agency\/fr\/wp-json\/wp\/v2\/media\/3581"}],"wp:attachment":[{"href":"https:\/\/laborimhorse.redbit.agency\/fr\/wp-json\/wp\/v2\/media?parent=17194"}],"wp:term":[{"taxonomy":"product_brand","embeddable":true,"href":"https:\/\/laborimhorse.redbit.agency\/fr\/wp-json\/wp\/v2\/product_brand?post=17194"},{"taxonomy":"product_cat","embeddable":true,"href":"https:\/\/laborimhorse.redbit.agency\/fr\/wp-json\/wp\/v2\/product_cat?post=17194"},{"taxonomy":"product_tag","embeddable":true,"href":"https:\/\/laborimhorse.redbit.agency\/fr\/wp-json\/wp\/v2\/product_tag?post=17194"}],"curies":[{"name":"wp","href":"https:\/\/api.w.org\/{rel}","templated":true}]}}