{"id":17188,"date":"2025-12-03T08:03:52","date_gmt":"2025-12-03T08:03:52","guid":{"rendered":"https:\/\/laborimhorse.redbit.agency\/products\/filet-a-foin-pour-ratelier-a-foin-rond-2-4x2-4m-45-x-45mm\/"},"modified":"2025-12-03T08:03:52","modified_gmt":"2025-12-03T08:03:52","slug":"filet-a-foin-pour-ratelier-a-foin-rond-2-4x2-4m-45-x-45mm","status":"publish","type":"product","link":"https:\/\/laborimhorse.redbit.agency\/fr\/produit\/filet-a-foin-pour-ratelier-a-foin-rond-2-4x2-4m-45-x-45mm\/","title":{"rendered":"Filet \u00e0 foin pour r\u00e2telier \u00e0 foin rond 2.4&#215;2.4m 45 x 45mm"},"content":{"rendered":"<p>&nbsp;<\/p>\n","protected":false},"excerpt":{"rendered":"<p>&nbsp;<\/p>\n","protected":false},"featured_media":3557,"template":"","meta":[],"product_brand":[],"product_cat":[412],"product_tag":[],"class_list":{"0":"post-17188","1":"product","2":"type-product","3":"status-publish","4":"has-post-thumbnail","6":"product_cat-rateliers-fr","8":"first","9":"instock","10":"product-type-simple"},"aioseo_notices":[],"_links":{"self":[{"href":"https:\/\/laborimhorse.redbit.agency\/fr\/wp-json\/wp\/v2\/product\/17188","targetHints":{"allow":["GET"]}}],"collection":[{"href":"https:\/\/laborimhorse.redbit.agency\/fr\/wp-json\/wp\/v2\/product"}],"about":[{"href":"https:\/\/laborimhorse.redbit.agency\/fr\/wp-json\/wp\/v2\/types\/product"}],"wp:featuredmedia":[{"embeddable":true,"href":"https:\/\/laborimhorse.redbit.agency\/fr\/wp-json\/wp\/v2\/media\/3557"}],"wp:attachment":[{"href":"https:\/\/laborimhorse.redbit.agency\/fr\/wp-json\/wp\/v2\/media?parent=17188"}],"wp:term":[{"taxonomy":"product_brand","embeddable":true,"href":"https:\/\/laborimhorse.redbit.agency\/fr\/wp-json\/wp\/v2\/product_brand?post=17188"},{"taxonomy":"product_cat","embeddable":true,"href":"https:\/\/laborimhorse.redbit.agency\/fr\/wp-json\/wp\/v2\/product_cat?post=17188"},{"taxonomy":"product_tag","embeddable":true,"href":"https:\/\/laborimhorse.redbit.agency\/fr\/wp-json\/wp\/v2\/product_tag?post=17188"}],"curies":[{"name":"wp","href":"https:\/\/api.w.org\/{rel}","templated":true}]}}