{"id":17172,"date":"2025-12-03T08:03:40","date_gmt":"2025-12-03T08:03:40","guid":{"rendered":"https:\/\/laborimhorse.redbit.agency\/products\/les-clotures-de-paddocks-telescopiques-modele-cl-cheval\/"},"modified":"2025-12-03T08:03:42","modified_gmt":"2025-12-03T08:03:42","slug":"les-clotures-de-paddocks-telescopiques-modele-cl-cheval","status":"publish","type":"product","link":"https:\/\/laborimhorse.redbit.agency\/fr\/produit\/les-clotures-de-paddocks-telescopiques-modele-cl-cheval\/","title":{"rendered":"Les Cl\u00f4tures de Paddocks T\u00e9l\u00e9scopiques \u2013 Mod\u00e8le CL Cheval &#8211;"},"content":{"rendered":"<p>Avec Passage<\/p>\n","protected":false},"excerpt":{"rendered":"<p>Avec Passage<\/p>\n","protected":false},"featured_media":3493,"template":"","meta":[],"product_brand":[],"product_cat":[397],"product_tag":[],"class_list":{"0":"post-17172","1":"product","2":"type-product","3":"status-publish","4":"has-post-thumbnail","6":"product_cat-cloture-panneau-fr","8":"first","9":"instock","10":"product-type-simple"},"aioseo_notices":[],"_links":{"self":[{"href":"https:\/\/laborimhorse.redbit.agency\/fr\/wp-json\/wp\/v2\/product\/17172","targetHints":{"allow":["GET"]}}],"collection":[{"href":"https:\/\/laborimhorse.redbit.agency\/fr\/wp-json\/wp\/v2\/product"}],"about":[{"href":"https:\/\/laborimhorse.redbit.agency\/fr\/wp-json\/wp\/v2\/types\/product"}],"wp:featuredmedia":[{"embeddable":true,"href":"https:\/\/laborimhorse.redbit.agency\/fr\/wp-json\/wp\/v2\/media\/3493"}],"wp:attachment":[{"href":"https:\/\/laborimhorse.redbit.agency\/fr\/wp-json\/wp\/v2\/media?parent=17172"}],"wp:term":[{"taxonomy":"product_brand","embeddable":true,"href":"https:\/\/laborimhorse.redbit.agency\/fr\/wp-json\/wp\/v2\/product_brand?post=17172"},{"taxonomy":"product_cat","embeddable":true,"href":"https:\/\/laborimhorse.redbit.agency\/fr\/wp-json\/wp\/v2\/product_cat?post=17172"},{"taxonomy":"product_tag","embeddable":true,"href":"https:\/\/laborimhorse.redbit.agency\/fr\/wp-json\/wp\/v2\/product_tag?post=17172"}],"curies":[{"name":"wp","href":"https:\/\/api.w.org\/{rel}","templated":true}]}}