{"id":17124,"date":"2025-12-03T08:03:03","date_gmt":"2025-12-03T08:03:03","guid":{"rendered":"https:\/\/laborimhorse.redbit.agency\/products\/toles-de-toit-trapezoidales-comme-toiture-isolee-conception\/"},"modified":"2025-12-03T08:03:09","modified_gmt":"2025-12-03T08:03:09","slug":"toles-de-toit-trapezoidales-comme-toiture-isolee-conception","status":"publish","type":"product","link":"https:\/\/laborimhorse.redbit.agency\/fr\/produit\/toles-de-toit-trapezoidales-comme-toiture-isolee-conception\/","title":{"rendered":"T\u00f4les de toit trap\u00e9zo\u00efdales comme toiture isol\u00e9e, conception"},"content":{"rendered":"<p>&nbsp;<\/p>\n","protected":false},"excerpt":{"rendered":"<p>&nbsp;<\/p>\n","protected":false},"featured_media":0,"template":"","meta":[],"product_brand":[],"product_cat":[356],"product_tag":[],"class_list":{"0":"post-17124","1":"product","2":"type-product","3":"status-publish","5":"product_cat-abris-exterieur-fr","7":"first","8":"instock","9":"product-type-simple"},"aioseo_notices":[],"_links":{"self":[{"href":"https:\/\/laborimhorse.redbit.agency\/fr\/wp-json\/wp\/v2\/product\/17124","targetHints":{"allow":["GET"]}}],"collection":[{"href":"https:\/\/laborimhorse.redbit.agency\/fr\/wp-json\/wp\/v2\/product"}],"about":[{"href":"https:\/\/laborimhorse.redbit.agency\/fr\/wp-json\/wp\/v2\/types\/product"}],"wp:attachment":[{"href":"https:\/\/laborimhorse.redbit.agency\/fr\/wp-json\/wp\/v2\/media?parent=17124"}],"wp:term":[{"taxonomy":"product_brand","embeddable":true,"href":"https:\/\/laborimhorse.redbit.agency\/fr\/wp-json\/wp\/v2\/product_brand?post=17124"},{"taxonomy":"product_cat","embeddable":true,"href":"https:\/\/laborimhorse.redbit.agency\/fr\/wp-json\/wp\/v2\/product_cat?post=17124"},{"taxonomy":"product_tag","embeddable":true,"href":"https:\/\/laborimhorse.redbit.agency\/fr\/wp-json\/wp\/v2\/product_tag?post=17124"}],"curies":[{"name":"wp","href":"https:\/\/api.w.org\/{rel}","templated":true}]}}