{"id":17122,"date":"2025-12-03T08:03:03","date_gmt":"2025-12-03T08:03:03","guid":{"rendered":"https:\/\/laborimhorse.redbit.agency\/products\/support-a-lamelles-sur-rail-coulissant-pour-porte-de-2-00-m\/"},"modified":"2025-12-03T08:03:08","modified_gmt":"2025-12-03T08:03:08","slug":"support-a-lamelles-sur-rail-coulissant-pour-porte-de-2-00-m","status":"publish","type":"product","link":"https:\/\/laborimhorse.redbit.agency\/fr\/produit\/support-a-lamelles-sur-rail-coulissant-pour-porte-de-2-00-m\/","title":{"rendered":"Support \u00e0 lamelles sur rail coulissant pour porte de 2.00 m"},"content":{"rendered":"<p>10 \u00e9l\u00e9ments &#8211; rail alu Long : 4,00 m \u2013 Chariots coulissants &#8211; roulements polyamides 2 but\u00e9es en caoutchouc<\/p>\n","protected":false},"excerpt":{"rendered":"<p>10 \u00e9l\u00e9ments &#8211; rail alu Long : 4,00 m \u2013 Chariots coulissants &#8211; roulements polyamides 2 but\u00e9es en caoutchouc<\/p>\n","protected":false},"featured_media":3297,"template":"","meta":[],"product_brand":[],"product_cat":[361],"product_tag":[],"class_list":{"0":"post-17122","1":"product","2":"type-product","3":"status-publish","4":"has-post-thumbnail","6":"product_cat-douche-de-lanimal-fr","8":"first","9":"instock","10":"product-type-simple"},"aioseo_notices":[],"_links":{"self":[{"href":"https:\/\/laborimhorse.redbit.agency\/fr\/wp-json\/wp\/v2\/product\/17122","targetHints":{"allow":["GET"]}}],"collection":[{"href":"https:\/\/laborimhorse.redbit.agency\/fr\/wp-json\/wp\/v2\/product"}],"about":[{"href":"https:\/\/laborimhorse.redbit.agency\/fr\/wp-json\/wp\/v2\/types\/product"}],"wp:featuredmedia":[{"embeddable":true,"href":"https:\/\/laborimhorse.redbit.agency\/fr\/wp-json\/wp\/v2\/media\/3297"}],"wp:attachment":[{"href":"https:\/\/laborimhorse.redbit.agency\/fr\/wp-json\/wp\/v2\/media?parent=17122"}],"wp:term":[{"taxonomy":"product_brand","embeddable":true,"href":"https:\/\/laborimhorse.redbit.agency\/fr\/wp-json\/wp\/v2\/product_brand?post=17122"},{"taxonomy":"product_cat","embeddable":true,"href":"https:\/\/laborimhorse.redbit.agency\/fr\/wp-json\/wp\/v2\/product_cat?post=17122"},{"taxonomy":"product_tag","embeddable":true,"href":"https:\/\/laborimhorse.redbit.agency\/fr\/wp-json\/wp\/v2\/product_tag?post=17122"}],"curies":[{"name":"wp","href":"https:\/\/api.w.org\/{rel}","templated":true}]}}