{"id":17079,"date":"2025-12-03T08:02:39","date_gmt":"2025-12-03T08:02:39","guid":{"rendered":"https:\/\/laborimhorse.redbit.agency\/products\/chariot-a-aliments-type-400-ll-avec-reservoir-mineral\/"},"modified":"2025-12-03T08:02:43","modified_gmt":"2025-12-03T08:02:43","slug":"chariot-a-aliments-type-400-ll-avec-reservoir-mineral","status":"publish","type":"product","link":"https:\/\/laborimhorse.redbit.agency\/fr\/produit\/chariot-a-aliments-type-400-ll-avec-reservoir-mineral\/","title":{"rendered":"Chariot \u00e0 Aliments Type 400 LL avec r\u00e9servoir min\u00e9ral"},"content":{"rendered":"<p>&nbsp;<\/p>\n","protected":false},"excerpt":{"rendered":"<p>&nbsp;<\/p>\n","protected":false},"featured_media":3125,"template":"","meta":[],"product_brand":[],"product_cat":[370],"product_tag":[],"class_list":{"0":"post-17079","1":"product","2":"type-product","3":"status-publish","4":"has-post-thumbnail","6":"product_cat-chariot-de-transport-fr","8":"first","9":"instock","10":"product-type-simple"},"aioseo_notices":[],"_links":{"self":[{"href":"https:\/\/laborimhorse.redbit.agency\/fr\/wp-json\/wp\/v2\/product\/17079","targetHints":{"allow":["GET"]}}],"collection":[{"href":"https:\/\/laborimhorse.redbit.agency\/fr\/wp-json\/wp\/v2\/product"}],"about":[{"href":"https:\/\/laborimhorse.redbit.agency\/fr\/wp-json\/wp\/v2\/types\/product"}],"wp:featuredmedia":[{"embeddable":true,"href":"https:\/\/laborimhorse.redbit.agency\/fr\/wp-json\/wp\/v2\/media\/3125"}],"wp:attachment":[{"href":"https:\/\/laborimhorse.redbit.agency\/fr\/wp-json\/wp\/v2\/media?parent=17079"}],"wp:term":[{"taxonomy":"product_brand","embeddable":true,"href":"https:\/\/laborimhorse.redbit.agency\/fr\/wp-json\/wp\/v2\/product_brand?post=17079"},{"taxonomy":"product_cat","embeddable":true,"href":"https:\/\/laborimhorse.redbit.agency\/fr\/wp-json\/wp\/v2\/product_cat?post=17079"},{"taxonomy":"product_tag","embeddable":true,"href":"https:\/\/laborimhorse.redbit.agency\/fr\/wp-json\/wp\/v2\/product_tag?post=17079"}],"curies":[{"name":"wp","href":"https:\/\/api.w.org\/{rel}","templated":true}]}}