{"id":17068,"date":"2025-12-03T08:02:39","date_gmt":"2025-12-03T08:02:39","guid":{"rendered":"https:\/\/laborimhorse.redbit.agency\/products\/element-grillage-avec-passage\/"},"modified":"2025-12-03T08:02:39","modified_gmt":"2025-12-03T08:02:39","slug":"element-grillage-avec-passage","status":"publish","type":"product","link":"https:\/\/laborimhorse.redbit.agency\/fr\/produit\/element-grillage-avec-passage\/","title":{"rendered":"\u00c9l\u00e9ment Grillag\u00e9 avec Passage \u2013"},"content":{"rendered":"<p>Standard 300 cm Larg x 220 cm Haut<\/p>\n","protected":false},"excerpt":{"rendered":"<p>Standard 300 cm Larg x 220 cm Haut<\/p>\n","protected":false},"featured_media":3081,"template":"","meta":[],"product_brand":[],"product_cat":[397],"product_tag":[],"class_list":{"0":"post-17068","1":"product","2":"type-product","3":"status-publish","4":"has-post-thumbnail","6":"product_cat-cloture-panneau-fr","8":"first","9":"instock","10":"product-type-simple"},"aioseo_notices":[],"_links":{"self":[{"href":"https:\/\/laborimhorse.redbit.agency\/fr\/wp-json\/wp\/v2\/product\/17068","targetHints":{"allow":["GET"]}}],"collection":[{"href":"https:\/\/laborimhorse.redbit.agency\/fr\/wp-json\/wp\/v2\/product"}],"about":[{"href":"https:\/\/laborimhorse.redbit.agency\/fr\/wp-json\/wp\/v2\/types\/product"}],"wp:featuredmedia":[{"embeddable":true,"href":"https:\/\/laborimhorse.redbit.agency\/fr\/wp-json\/wp\/v2\/media\/3081"}],"wp:attachment":[{"href":"https:\/\/laborimhorse.redbit.agency\/fr\/wp-json\/wp\/v2\/media?parent=17068"}],"wp:term":[{"taxonomy":"product_brand","embeddable":true,"href":"https:\/\/laborimhorse.redbit.agency\/fr\/wp-json\/wp\/v2\/product_brand?post=17068"},{"taxonomy":"product_cat","embeddable":true,"href":"https:\/\/laborimhorse.redbit.agency\/fr\/wp-json\/wp\/v2\/product_cat?post=17068"},{"taxonomy":"product_tag","embeddable":true,"href":"https:\/\/laborimhorse.redbit.agency\/fr\/wp-json\/wp\/v2\/product_tag?post=17068"}],"curies":[{"name":"wp","href":"https:\/\/api.w.org\/{rel}","templated":true}]}}