{"id":17030,"date":"2025-12-03T08:02:14","date_gmt":"2025-12-03T08:02:14","guid":{"rendered":"https:\/\/laborimhorse.redbit.agency\/products\/bache-arriere-pour-abri-de-pre-6-m\/"},"modified":"2025-12-03T08:02:15","modified_gmt":"2025-12-03T08:02:15","slug":"bache-arriere-pour-abri-de-pre-6-m","status":"publish","type":"product","link":"https:\/\/laborimhorse.redbit.agency\/fr\/produit\/bache-arriere-pour-abri-de-pre-6-m\/","title":{"rendered":"B\u00e2che arri\u00e8re pour abri de pr\u00e9 6 m"},"content":{"rendered":"<p data-end=\"1251\" data-start=\"1001\">Cette paroi arri&egrave;re est con&ccedil;ue pour s&rsquo;adapter &agrave; l&rsquo;abri de prairie &agrave; toit arrondi (r&eacute;f. 1990405). Avec une largeur d&rsquo;environ 6000 mm, elle s&rsquo;int&egrave;gre parfaitement &agrave; la structure et assure une protection efficace contre le vent et les intemp&eacute;ries.<\/p>\n<p>&#13;<br \/>\n&#13;<\/p>\n<p data-end=\"1275\" data-start=\"1253\"><strong data-end=\"1275\" data-start=\"1253\">Caract&eacute;ristiques :<\/strong><\/p>\n<p>&#13;<br \/>\n&#13;<\/p>\n<ul data-end=\"1477\" data-start=\"1277\">&#13;<\/p>\n<li data-end=\"1313\" data-start=\"1277\">&#13;\n<p data-end=\"1313\" data-start=\"1279\">Compatible avec l&#39;article 1990405<\/p>\n<p>&#13;\n\t<\/li>\n<p>&#13;<\/p>\n<li data-end=\"1340\" data-start=\"1314\">&#13;\n<p data-end=\"1340\" data-start=\"1316\">Largeur : env. 6000 mm<\/p>\n<p>&#13;\n\t<\/li>\n<p>&#13;<\/p>\n<li data-end=\"1392\" data-start=\"1341\">&#13;\n<p data-end=\"1392\" data-start=\"1343\">Structure r&eacute;sistante aux conditions climatiques<\/p>\n<p>&#13;\n\t<\/li>\n<p>&#13;<\/p>\n<li data-end=\"1438\" data-start=\"1393\">&#13;\n<p data-end=\"1438\" data-start=\"1395\">Montage facile sur la structure existante<\/p>\n<p>&#13;\n\t<\/li>\n<p>&#13;<\/p>\n<li data-end=\"1477\" data-start=\"1439\">&#13;\n<p data-end=\"1477\" data-start=\"1441\"><em data-end=\"1477\" data-start=\"1441\">Accessoires de fixation non inclus<\/em><\/p>\n<p>&#13;\n\t<\/li>\n<p>&#13;\n<\/ul>\n","protected":false},"excerpt":{"rendered":"<p>Cette paroi arri&egrave;re est con&ccedil;ue pour s&rsquo;adapter &agrave; l&rsquo;abri de prairie &agrave; toit arrondi (r&eacute;f. 1990405). Avec une largeur d&rsquo;environ 6000 mm, elle s&rsquo;i<\/p>\n","protected":false},"featured_media":13256,"template":"","meta":[],"product_brand":[],"product_cat":[397],"product_tag":[],"class_list":{"0":"post-17030","1":"product","2":"type-product","3":"status-publish","4":"has-post-thumbnail","6":"product_cat-cloture-panneau-fr","8":"first","9":"instock","10":"product-type-simple"},"aioseo_notices":[],"_links":{"self":[{"href":"https:\/\/laborimhorse.redbit.agency\/fr\/wp-json\/wp\/v2\/product\/17030","targetHints":{"allow":["GET"]}}],"collection":[{"href":"https:\/\/laborimhorse.redbit.agency\/fr\/wp-json\/wp\/v2\/product"}],"about":[{"href":"https:\/\/laborimhorse.redbit.agency\/fr\/wp-json\/wp\/v2\/types\/product"}],"wp:featuredmedia":[{"embeddable":true,"href":"https:\/\/laborimhorse.redbit.agency\/fr\/wp-json\/wp\/v2\/media\/13256"}],"wp:attachment":[{"href":"https:\/\/laborimhorse.redbit.agency\/fr\/wp-json\/wp\/v2\/media?parent=17030"}],"wp:term":[{"taxonomy":"product_brand","embeddable":true,"href":"https:\/\/laborimhorse.redbit.agency\/fr\/wp-json\/wp\/v2\/product_brand?post=17030"},{"taxonomy":"product_cat","embeddable":true,"href":"https:\/\/laborimhorse.redbit.agency\/fr\/wp-json\/wp\/v2\/product_cat?post=17030"},{"taxonomy":"product_tag","embeddable":true,"href":"https:\/\/laborimhorse.redbit.agency\/fr\/wp-json\/wp\/v2\/product_tag?post=17030"}],"curies":[{"name":"wp","href":"https:\/\/api.w.org\/{rel}","templated":true}]}}