{"id":16932,"date":"2025-12-03T08:01:13","date_gmt":"2025-12-03T08:01:13","guid":{"rendered":"https:\/\/laborimhorse.redbit.agency\/products\/mangeoire-dangle\/"},"modified":"2025-12-03T08:01:14","modified_gmt":"2025-12-03T08:01:14","slug":"mangeoire-dangle","status":"publish","type":"product","link":"https:\/\/laborimhorse.redbit.agency\/fr\/produit\/mangeoire-dangle\/","title":{"rendered":"Mangeoire d\u2019Angle"},"content":{"rendered":"<p>D\u2019un mat\u00e9riel tr\u00e8s r\u00e9sistant avec rebord anti-lapage. Dimensions: 45 cm Larg x 45 cm Prof x 29 cm Haut<\/p>\n","protected":false},"excerpt":{"rendered":"<p>D\u2019un mat\u00e9riel tr\u00e8s r\u00e9sistant avec rebord anti-lapage. Dimensions: 45 cm Larg x 45 cm Prof x 29 cm Haut<\/p>\n","protected":false},"featured_media":2451,"template":"","meta":[],"product_brand":[],"product_cat":[485],"product_tag":[],"class_list":{"0":"post-16932","1":"product","2":"type-product","3":"status-publish","4":"has-post-thumbnail","6":"product_cat-mangeoires-fr","8":"first","9":"instock","10":"product-type-simple"},"aioseo_notices":[],"_links":{"self":[{"href":"https:\/\/laborimhorse.redbit.agency\/fr\/wp-json\/wp\/v2\/product\/16932","targetHints":{"allow":["GET"]}}],"collection":[{"href":"https:\/\/laborimhorse.redbit.agency\/fr\/wp-json\/wp\/v2\/product"}],"about":[{"href":"https:\/\/laborimhorse.redbit.agency\/fr\/wp-json\/wp\/v2\/types\/product"}],"wp:featuredmedia":[{"embeddable":true,"href":"https:\/\/laborimhorse.redbit.agency\/fr\/wp-json\/wp\/v2\/media\/2451"}],"wp:attachment":[{"href":"https:\/\/laborimhorse.redbit.agency\/fr\/wp-json\/wp\/v2\/media?parent=16932"}],"wp:term":[{"taxonomy":"product_brand","embeddable":true,"href":"https:\/\/laborimhorse.redbit.agency\/fr\/wp-json\/wp\/v2\/product_brand?post=16932"},{"taxonomy":"product_cat","embeddable":true,"href":"https:\/\/laborimhorse.redbit.agency\/fr\/wp-json\/wp\/v2\/product_cat?post=16932"},{"taxonomy":"product_tag","embeddable":true,"href":"https:\/\/laborimhorse.redbit.agency\/fr\/wp-json\/wp\/v2\/product_tag?post=16932"}],"curies":[{"name":"wp","href":"https:\/\/api.w.org\/{rel}","templated":true}]}}