{"id":16897,"date":"2025-12-03T08:00:49","date_gmt":"2025-12-03T08:00:49","guid":{"rendered":"https:\/\/laborimhorse.redbit.agency\/products\/bache-pour-cloture-denclos-et-portails-de-paturage-4\/"},"modified":"2025-12-03T08:00:53","modified_gmt":"2025-12-03T08:00:53","slug":"bache-pour-cloture-denclos-et-portails-de-paturage-4","status":"publish","type":"product","link":"https:\/\/laborimhorse.redbit.agency\/fr\/produit\/bache-pour-cloture-denclos-et-portails-de-paturage-4\/","title":{"rendered":"B\u00e2che pour cl\u00f4ture d&rsquo;enclos et portails de p\u00e2turage"},"content":{"rendered":"<p>L: 300 cm 166 cm H<\/p>\n","protected":false},"excerpt":{"rendered":"<p>L: 300 cm 166 cm H<\/p>\n","protected":false},"featured_media":2321,"template":"","meta":[],"product_brand":[],"product_cat":[414],"product_tag":[],"class_list":{"0":"post-16897","1":"product","2":"type-product","3":"status-publish","4":"has-post-thumbnail","6":"product_cat-panels-fr","8":"first","9":"instock","10":"product-type-simple"},"aioseo_notices":[],"_links":{"self":[{"href":"https:\/\/laborimhorse.redbit.agency\/fr\/wp-json\/wp\/v2\/product\/16897","targetHints":{"allow":["GET"]}}],"collection":[{"href":"https:\/\/laborimhorse.redbit.agency\/fr\/wp-json\/wp\/v2\/product"}],"about":[{"href":"https:\/\/laborimhorse.redbit.agency\/fr\/wp-json\/wp\/v2\/types\/product"}],"wp:featuredmedia":[{"embeddable":true,"href":"https:\/\/laborimhorse.redbit.agency\/fr\/wp-json\/wp\/v2\/media\/2321"}],"wp:attachment":[{"href":"https:\/\/laborimhorse.redbit.agency\/fr\/wp-json\/wp\/v2\/media?parent=16897"}],"wp:term":[{"taxonomy":"product_brand","embeddable":true,"href":"https:\/\/laborimhorse.redbit.agency\/fr\/wp-json\/wp\/v2\/product_brand?post=16897"},{"taxonomy":"product_cat","embeddable":true,"href":"https:\/\/laborimhorse.redbit.agency\/fr\/wp-json\/wp\/v2\/product_cat?post=16897"},{"taxonomy":"product_tag","embeddable":true,"href":"https:\/\/laborimhorse.redbit.agency\/fr\/wp-json\/wp\/v2\/product_tag?post=16897"}],"curies":[{"name":"wp","href":"https:\/\/api.w.org\/{rel}","templated":true}]}}