{"id":16838,"date":"2025-12-03T08:00:14","date_gmt":"2025-12-03T08:00:14","guid":{"rendered":"https:\/\/laborimhorse.redbit.agency\/products\/armoire-de-rangement-106x75x75-cm-avec-serrure-a-cylindre-et-2-etageres\/"},"modified":"2025-12-03T08:00:18","modified_gmt":"2025-12-03T08:00:18","slug":"armoire-de-rangement-106x75x75-cm-avec-serrure-a-cylindre-et-2-etageres","status":"publish","type":"product","link":"https:\/\/laborimhorse.redbit.agency\/fr\/produit\/armoire-de-rangement-106x75x75-cm-avec-serrure-a-cylindre-et-2-etageres\/","title":{"rendered":"Armoire de rangement 106x75x75 cm avec serrure \u00e0 cylindre et 2 \u00e9tag\u00e8res."},"content":{"rendered":"<p>&nbsp;<\/p>\n","protected":false},"excerpt":{"rendered":"<p>&nbsp;<\/p>\n","protected":false},"featured_media":2083,"template":"","meta":[],"product_brand":[],"product_cat":[384],"product_tag":[],"class_list":{"0":"post-16838","1":"product","2":"type-product","3":"status-publish","4":"has-post-thumbnail","6":"product_cat-armoires-encastrees-fr","8":"first","9":"instock","10":"product-type-simple"},"aioseo_notices":[],"_links":{"self":[{"href":"https:\/\/laborimhorse.redbit.agency\/fr\/wp-json\/wp\/v2\/product\/16838","targetHints":{"allow":["GET"]}}],"collection":[{"href":"https:\/\/laborimhorse.redbit.agency\/fr\/wp-json\/wp\/v2\/product"}],"about":[{"href":"https:\/\/laborimhorse.redbit.agency\/fr\/wp-json\/wp\/v2\/types\/product"}],"wp:featuredmedia":[{"embeddable":true,"href":"https:\/\/laborimhorse.redbit.agency\/fr\/wp-json\/wp\/v2\/media\/2083"}],"wp:attachment":[{"href":"https:\/\/laborimhorse.redbit.agency\/fr\/wp-json\/wp\/v2\/media?parent=16838"}],"wp:term":[{"taxonomy":"product_brand","embeddable":true,"href":"https:\/\/laborimhorse.redbit.agency\/fr\/wp-json\/wp\/v2\/product_brand?post=16838"},{"taxonomy":"product_cat","embeddable":true,"href":"https:\/\/laborimhorse.redbit.agency\/fr\/wp-json\/wp\/v2\/product_cat?post=16838"},{"taxonomy":"product_tag","embeddable":true,"href":"https:\/\/laborimhorse.redbit.agency\/fr\/wp-json\/wp\/v2\/product_tag?post=16838"}],"curies":[{"name":"wp","href":"https:\/\/api.w.org\/{rel}","templated":true}]}}