{"id":16837,"date":"2025-12-03T08:00:14","date_gmt":"2025-12-03T08:00:14","guid":{"rendered":"https:\/\/laborimhorse.redbit.agency\/products\/bache-pour-cloture-denclos-et-portails-de-paturage-3\/"},"modified":"2025-12-03T08:00:18","modified_gmt":"2025-12-03T08:00:18","slug":"bache-pour-cloture-denclos-et-portails-de-paturage-3","status":"publish","type":"product","link":"https:\/\/laborimhorse.redbit.agency\/fr\/produit\/bache-pour-cloture-denclos-et-portails-de-paturage-3\/","title":{"rendered":"B\u00e2che pour cl\u00f4ture d&rsquo;enclos et portails de p\u00e2turage"},"content":{"rendered":"<p>L: 150 cm 166 cm H<\/p>\n","protected":false},"excerpt":{"rendered":"<p>L: 150 cm 166 cm H<\/p>\n","protected":false},"featured_media":2079,"template":"","meta":[],"product_brand":[],"product_cat":[414],"product_tag":[],"class_list":{"0":"post-16837","1":"product","2":"type-product","3":"status-publish","4":"has-post-thumbnail","6":"product_cat-panels-fr","8":"first","9":"instock","10":"product-type-simple"},"aioseo_notices":[],"_links":{"self":[{"href":"https:\/\/laborimhorse.redbit.agency\/fr\/wp-json\/wp\/v2\/product\/16837","targetHints":{"allow":["GET"]}}],"collection":[{"href":"https:\/\/laborimhorse.redbit.agency\/fr\/wp-json\/wp\/v2\/product"}],"about":[{"href":"https:\/\/laborimhorse.redbit.agency\/fr\/wp-json\/wp\/v2\/types\/product"}],"wp:featuredmedia":[{"embeddable":true,"href":"https:\/\/laborimhorse.redbit.agency\/fr\/wp-json\/wp\/v2\/media\/2079"}],"wp:attachment":[{"href":"https:\/\/laborimhorse.redbit.agency\/fr\/wp-json\/wp\/v2\/media?parent=16837"}],"wp:term":[{"taxonomy":"product_brand","embeddable":true,"href":"https:\/\/laborimhorse.redbit.agency\/fr\/wp-json\/wp\/v2\/product_brand?post=16837"},{"taxonomy":"product_cat","embeddable":true,"href":"https:\/\/laborimhorse.redbit.agency\/fr\/wp-json\/wp\/v2\/product_cat?post=16837"},{"taxonomy":"product_tag","embeddable":true,"href":"https:\/\/laborimhorse.redbit.agency\/fr\/wp-json\/wp\/v2\/product_tag?post=16837"}],"curies":[{"name":"wp","href":"https:\/\/api.w.org\/{rel}","templated":true}]}}