{"id":16817,"date":"2025-12-03T08:00:01","date_gmt":"2025-12-03T08:00:01","guid":{"rendered":"https:\/\/laborimhorse.redbit.agency\/products\/armoire-de-rangement-106x60x60-avec-serrure-a-cylindre-et-2-etageres\/"},"modified":"2025-12-03T08:00:05","modified_gmt":"2025-12-03T08:00:05","slug":"armoire-de-rangement-106x60x60-avec-serrure-a-cylindre-et-2-etageres","status":"publish","type":"product","link":"https:\/\/laborimhorse.redbit.agency\/fr\/produit\/armoire-de-rangement-106x60x60-avec-serrure-a-cylindre-et-2-etageres\/","title":{"rendered":"Armoire de rangement 106x60x60 avec serrure \u00e0 cylindre et 2 \u00e9tag\u00e8res"},"content":{"rendered":"<p>Opberg kast met twee legplanken en twee hoofdstelhouders.<br \/>&#13;<br \/>\nGeleverd met stevig plastic handvat.<\/p>\n<p>&#13;<br \/>\n&#13;<\/p>\n<p>Alle legplanken zijn verdeeld, zodat u ze naar wens naar voren of naar achteren kunt uittrekken en vergrendelen. Alle kasten kunnen worden uitgerust met een cilinderslot of optioneel voor een vlinderslot. Extra legplanken, zadelhouders, enz. kunnen op elk moment naar uw wens worden ingebouwd. <\/p>\n","protected":false},"excerpt":{"rendered":"<p>Opberg kast met twee legplanken en twee hoofdstelhouders.&#13;<br \/>\nGeleverd met stevig plastic handvat.&#13;<br \/>\n&#13;<br \/>\nAlle legplanken zijn verdeeld, zodat u ze naar wens naar voren of naar achteren kunt uittrekken en ve<\/p>\n","protected":false},"featured_media":2003,"template":"","meta":[],"product_brand":[],"product_cat":[384],"product_tag":[],"class_list":{"0":"post-16817","1":"product","2":"type-product","3":"status-publish","4":"has-post-thumbnail","6":"product_cat-armoires-encastrees-fr","8":"first","9":"instock","10":"product-type-simple"},"aioseo_notices":[],"_links":{"self":[{"href":"https:\/\/laborimhorse.redbit.agency\/fr\/wp-json\/wp\/v2\/product\/16817","targetHints":{"allow":["GET"]}}],"collection":[{"href":"https:\/\/laborimhorse.redbit.agency\/fr\/wp-json\/wp\/v2\/product"}],"about":[{"href":"https:\/\/laborimhorse.redbit.agency\/fr\/wp-json\/wp\/v2\/types\/product"}],"wp:featuredmedia":[{"embeddable":true,"href":"https:\/\/laborimhorse.redbit.agency\/fr\/wp-json\/wp\/v2\/media\/2003"}],"wp:attachment":[{"href":"https:\/\/laborimhorse.redbit.agency\/fr\/wp-json\/wp\/v2\/media?parent=16817"}],"wp:term":[{"taxonomy":"product_brand","embeddable":true,"href":"https:\/\/laborimhorse.redbit.agency\/fr\/wp-json\/wp\/v2\/product_brand?post=16817"},{"taxonomy":"product_cat","embeddable":true,"href":"https:\/\/laborimhorse.redbit.agency\/fr\/wp-json\/wp\/v2\/product_cat?post=16817"},{"taxonomy":"product_tag","embeddable":true,"href":"https:\/\/laborimhorse.redbit.agency\/fr\/wp-json\/wp\/v2\/product_tag?post=16817"}],"curies":[{"name":"wp","href":"https:\/\/api.w.org\/{rel}","templated":true}]}}