{"id":16710,"date":"2025-12-03T07:59:01","date_gmt":"2025-12-03T07:59:01","guid":{"rendered":"https:\/\/laborimhorse.redbit.agency\/products\/mangeoire-rectangulaire\/"},"modified":"2025-12-03T07:59:02","modified_gmt":"2025-12-03T07:59:02","slug":"mangeoire-rectangulaire","status":"publish","type":"product","link":"https:\/\/laborimhorse.redbit.agency\/fr\/produit\/mangeoire-rectangulaire\/","title":{"rendered":"Mangeoire Rectangulaire"},"content":{"rendered":"<p>D\u2019un mat\u00e9riel tr\u00e8s r\u00e9sistant avec rebord anti-lapage. Dimensions: 50 cm Larg x 30 cm Prof x 29 cm Haut<\/p>\n","protected":false},"excerpt":{"rendered":"<p>D\u2019un mat\u00e9riel tr\u00e8s r\u00e9sistant avec rebord anti-lapage. Dimensions: 50 cm Larg x 30 cm Prof x 29 cm Haut<\/p>\n","protected":false},"featured_media":1579,"template":"","meta":[],"product_brand":[],"product_cat":[485],"product_tag":[],"class_list":{"0":"post-16710","1":"product","2":"type-product","3":"status-publish","4":"has-post-thumbnail","6":"product_cat-mangeoires-fr","8":"first","9":"instock","10":"product-type-simple"},"aioseo_notices":[],"_links":{"self":[{"href":"https:\/\/laborimhorse.redbit.agency\/fr\/wp-json\/wp\/v2\/product\/16710","targetHints":{"allow":["GET"]}}],"collection":[{"href":"https:\/\/laborimhorse.redbit.agency\/fr\/wp-json\/wp\/v2\/product"}],"about":[{"href":"https:\/\/laborimhorse.redbit.agency\/fr\/wp-json\/wp\/v2\/types\/product"}],"wp:featuredmedia":[{"embeddable":true,"href":"https:\/\/laborimhorse.redbit.agency\/fr\/wp-json\/wp\/v2\/media\/1579"}],"wp:attachment":[{"href":"https:\/\/laborimhorse.redbit.agency\/fr\/wp-json\/wp\/v2\/media?parent=16710"}],"wp:term":[{"taxonomy":"product_brand","embeddable":true,"href":"https:\/\/laborimhorse.redbit.agency\/fr\/wp-json\/wp\/v2\/product_brand?post=16710"},{"taxonomy":"product_cat","embeddable":true,"href":"https:\/\/laborimhorse.redbit.agency\/fr\/wp-json\/wp\/v2\/product_cat?post=16710"},{"taxonomy":"product_tag","embeddable":true,"href":"https:\/\/laborimhorse.redbit.agency\/fr\/wp-json\/wp\/v2\/product_tag?post=16710"}],"curies":[{"name":"wp","href":"https:\/\/api.w.org\/{rel}","templated":true}]}}