{"id":16704,"date":"2025-12-03T07:58:49","date_gmt":"2025-12-03T07:58:49","guid":{"rendered":"https:\/\/laborimhorse.redbit.agency\/products\/porte-decurie-en-2-parties-2\/"},"modified":"2025-12-03T07:58:56","modified_gmt":"2025-12-03T07:58:56","slug":"porte-decurie-en-2-parties-2","status":"publish","type":"product","link":"https:\/\/laborimhorse.redbit.agency\/fr\/produit\/porte-decurie-en-2-parties-2\/","title":{"rendered":"Porte d&rsquo;\u00e9curie en 2 parties,"},"content":{"rendered":"<p>300 L x 220 H cm avec fen\u00eatre \u00e0 carreaux<\/p>\n","protected":false},"excerpt":{"rendered":"<p>300 L x 220 H cm avec fen\u00eatre \u00e0 carreaux<\/p>\n","protected":false},"featured_media":1555,"template":"","meta":[],"product_brand":[],"product_cat":[354],"product_tag":[],"class_list":{"0":"post-16704","1":"product","2":"type-product","3":"status-publish","4":"has-post-thumbnail","6":"product_cat-portes-decurie-fr","8":"first","9":"instock","10":"product-type-simple"},"aioseo_notices":[],"_links":{"self":[{"href":"https:\/\/laborimhorse.redbit.agency\/fr\/wp-json\/wp\/v2\/product\/16704","targetHints":{"allow":["GET"]}}],"collection":[{"href":"https:\/\/laborimhorse.redbit.agency\/fr\/wp-json\/wp\/v2\/product"}],"about":[{"href":"https:\/\/laborimhorse.redbit.agency\/fr\/wp-json\/wp\/v2\/types\/product"}],"wp:featuredmedia":[{"embeddable":true,"href":"https:\/\/laborimhorse.redbit.agency\/fr\/wp-json\/wp\/v2\/media\/1555"}],"wp:attachment":[{"href":"https:\/\/laborimhorse.redbit.agency\/fr\/wp-json\/wp\/v2\/media?parent=16704"}],"wp:term":[{"taxonomy":"product_brand","embeddable":true,"href":"https:\/\/laborimhorse.redbit.agency\/fr\/wp-json\/wp\/v2\/product_brand?post=16704"},{"taxonomy":"product_cat","embeddable":true,"href":"https:\/\/laborimhorse.redbit.agency\/fr\/wp-json\/wp\/v2\/product_cat?post=16704"},{"taxonomy":"product_tag","embeddable":true,"href":"https:\/\/laborimhorse.redbit.agency\/fr\/wp-json\/wp\/v2\/product_tag?post=16704"}],"curies":[{"name":"wp","href":"https:\/\/api.w.org\/{rel}","templated":true}]}}