{"id":16576,"date":"2025-12-03T07:57:33","date_gmt":"2025-12-03T07:57:33","guid":{"rendered":"https:\/\/laborimhorse.redbit.agency\/products\/zadelkast-190x75x75-cm-equipee-dun-support-pour-selle-anglaise-et-dun-serrure-a-papillon\/"},"modified":"2025-12-03T07:57:36","modified_gmt":"2025-12-03T07:57:36","slug":"zadelkast-190x75x75-cm-equipee-dun-support-pour-selle-anglaise-et-dun-serrure-a-papillon","status":"publish","type":"product","link":"https:\/\/laborimhorse.redbit.agency\/fr\/produit\/zadelkast-190x75x75-cm-equipee-dun-support-pour-selle-anglaise-et-dun-serrure-a-papillon\/","title":{"rendered":"Zadelkast 190x75x75 cm, \u00e9quip\u00e9e d&rsquo;un support pour selle anglaise et d&rsquo;un serrure \u00e0 papillon"},"content":{"rendered":"<p>&nbsp;<\/p>\n","protected":false},"excerpt":{"rendered":"<p>&nbsp;<\/p>\n","protected":false},"featured_media":1057,"template":"","meta":[],"product_brand":[],"product_cat":[384],"product_tag":[],"class_list":{"0":"post-16576","1":"product","2":"type-product","3":"status-publish","4":"has-post-thumbnail","6":"product_cat-armoires-encastrees-fr","8":"first","9":"instock","10":"product-type-simple"},"aioseo_notices":[],"_links":{"self":[{"href":"https:\/\/laborimhorse.redbit.agency\/fr\/wp-json\/wp\/v2\/product\/16576","targetHints":{"allow":["GET"]}}],"collection":[{"href":"https:\/\/laborimhorse.redbit.agency\/fr\/wp-json\/wp\/v2\/product"}],"about":[{"href":"https:\/\/laborimhorse.redbit.agency\/fr\/wp-json\/wp\/v2\/types\/product"}],"wp:featuredmedia":[{"embeddable":true,"href":"https:\/\/laborimhorse.redbit.agency\/fr\/wp-json\/wp\/v2\/media\/1057"}],"wp:attachment":[{"href":"https:\/\/laborimhorse.redbit.agency\/fr\/wp-json\/wp\/v2\/media?parent=16576"}],"wp:term":[{"taxonomy":"product_brand","embeddable":true,"href":"https:\/\/laborimhorse.redbit.agency\/fr\/wp-json\/wp\/v2\/product_brand?post=16576"},{"taxonomy":"product_cat","embeddable":true,"href":"https:\/\/laborimhorse.redbit.agency\/fr\/wp-json\/wp\/v2\/product_cat?post=16576"},{"taxonomy":"product_tag","embeddable":true,"href":"https:\/\/laborimhorse.redbit.agency\/fr\/wp-json\/wp\/v2\/product_tag?post=16576"}],"curies":[{"name":"wp","href":"https:\/\/api.w.org\/{rel}","templated":true}]}}