{"id":73,"date":"2025-02-14T09:35:31","date_gmt":"2025-02-14T09:35:31","guid":{"rendered":"https:\/\/laborimhorse.redbit.agency\/panier\/"},"modified":"2025-04-16T13:03:01","modified_gmt":"2025-04-16T13:03:01","slug":"panier","status":"publish","type":"page","link":"https:\/\/laborimhorse.redbit.agency\/fr\/panier\/","title":{"rendered":"Panier"},"content":{"rendered":"\t\t<div data-elementor-type=\"wp-page\" data-elementor-id=\"73\" class=\"elementor elementor-73 elementor-6\" data-elementor-post-type=\"page\">\n\t\t\t\t<div class=\"elementor-element elementor-element-4da730e e-flex e-con-boxed e-con e-parent\" data-id=\"4da730e\" data-element_type=\"container\">\n\t\t\t\t\t<div class=\"e-con-inner\">\n\t\t\t\t<div class=\"elementor-element elementor-element-4456dd05 elementor-widget elementor-widget-text-editor\" data-id=\"4456dd05\" data-element_type=\"widget\" data-widget_type=\"text-editor.default\">\n\t\t\t\t<div class=\"elementor-widget-container\">\n\t\t\t\t\t\t\t\t\t<p><\/p><div class=\"wp-block-woocommerce-cart alignwide is-loading\"><p><\/p><div class=\"wp-block-woocommerce-filled-cart-block\"><p><\/p><div class=\"wp-block-woocommerce-cart-items-block\"><p><\/p><div class=\"wp-block-woocommerce-cart-line-items-block\"> <\/div><p><\/p><p><\/p><div class=\"wp-block-woocommerce-cart-cross-sells-block\"><p><\/p><h2 class=\"wp-block-heading has-large-font-size\">Vous pourriez \u00eatre int\u00e9ress\u00e9 par&#8230;<\/h2><p><\/p><p><\/p><div class=\"wp-block-woocommerce-cart-cross-sells-products-block\"> <\/div><p><\/p><\/div><p><\/p><\/div><p><\/p><p><\/p><div class=\"wp-block-woocommerce-cart-totals-block\"><p><\/p><div class=\"wp-block-woocommerce-cart-order-summary-block\"><p><\/p><div class=\"wp-block-woocommerce-cart-order-summary-heading-block\"> <\/div><p><\/p><p><\/p><div class=\"wp-block-woocommerce-cart-order-summary-coupon-form-block\"> <\/div><p><\/p><p><\/p><div class=\"wp-block-woocommerce-cart-order-summary-subtotal-block\"> <\/div><p><\/p><p><\/p><div class=\"wp-block-woocommerce-cart-order-summary-fee-block\"> <\/div><p><\/p><p><\/p><div class=\"wp-block-woocommerce-cart-order-summary-discount-block\"> <\/div><p><\/p><p><\/p><div class=\"wp-block-woocommerce-cart-order-summary-shipping-block\"> <\/div><p><\/p><p><\/p><div class=\"wp-block-woocommerce-cart-order-summary-taxes-block\"> <\/div><p><\/p><\/div><p><\/p><p><\/p><div class=\"wp-block-woocommerce-cart-express-payment-block\"> <\/div><p><\/p><p><\/p><div class=\"wp-block-woocommerce-proceed-to-checkout-block\"> <\/div><p><\/p><p><\/p><div class=\"wp-block-woocommerce-cart-accepted-payment-methods-block\"> <\/div><p><\/p><\/div><p><\/p><\/div><p><\/p><p><\/p><div class=\"wp-block-woocommerce-empty-cart-block\"><p><\/p><h2 class=\"wp-block-heading has-text-align-center with-empty-cart-icon wc-block-cart__empty-cart__title\">Votre panier est actuellement vide !<\/h2><p><\/p><p><\/p><hr class=\"wp-block-separator has-alpha-channel-opacity is-style-dots\"><p><\/p><p><\/p><h2 class=\"wp-block-heading has-text-align-center\">Nouveau en magasin<\/h2><p><\/p><p><\/p><\/div><p><\/p><\/div>\t\t\t\t\t\t\t\t<\/div>\n\t\t\t\t<\/div>\n\t\t\t\t\t<\/div>\n\t\t\t\t<\/div>\n\t\t\t\t<\/div>\n\t\t","protected":false},"excerpt":{"rendered":"<p>Vous pourriez \u00eatre int\u00e9ress\u00e9 par&#8230; Votre panier est actuellement vide ! Nouveau en magasin<\/p>\n","protected":false},"author":1,"featured_media":0,"parent":0,"menu_order":0,"comment_status":"closed","ping_status":"closed","template":"","meta":{"footnotes":""},"class_list":["post-73","page","type-page","status-publish","hentry"],"aioseo_notices":[],"_links":{"self":[{"href":"https:\/\/laborimhorse.redbit.agency\/fr\/wp-json\/wp\/v2\/pages\/73","targetHints":{"allow":["GET"]}}],"collection":[{"href":"https:\/\/laborimhorse.redbit.agency\/fr\/wp-json\/wp\/v2\/pages"}],"about":[{"href":"https:\/\/laborimhorse.redbit.agency\/fr\/wp-json\/wp\/v2\/types\/page"}],"author":[{"embeddable":true,"href":"https:\/\/laborimhorse.redbit.agency\/fr\/wp-json\/wp\/v2\/users\/1"}],"replies":[{"embeddable":true,"href":"https:\/\/laborimhorse.redbit.agency\/fr\/wp-json\/wp\/v2\/comments?post=73"}],"version-history":[{"count":10,"href":"https:\/\/laborimhorse.redbit.agency\/fr\/wp-json\/wp\/v2\/pages\/73\/revisions"}],"predecessor-version":[{"id":12556,"href":"https:\/\/laborimhorse.redbit.agency\/fr\/wp-json\/wp\/v2\/pages\/73\/revisions\/12556"}],"wp:attachment":[{"href":"https:\/\/laborimhorse.redbit.agency\/fr\/wp-json\/wp\/v2\/media?parent=73"}],"curies":[{"name":"wp","href":"https:\/\/api.w.org\/{rel}","templated":true}]}}