{"id":71,"date":"2025-02-27T06:44:27","date_gmt":"2025-02-27T06:44:27","guid":{"rendered":"https:\/\/laborimhorse.redbit.agency\/accueil\/"},"modified":"2025-11-24T06:55:01","modified_gmt":"2025-11-24T06:55:01","slug":"accueil","status":"publish","type":"page","link":"https:\/\/laborimhorse.redbit.agency\/fr\/","title":{"rendered":"Accueil"},"content":{"rendered":"\t\t<div data-elementor-type=\"wp-page\" data-elementor-id=\"71\" class=\"elementor elementor-71 elementor-54\" data-elementor-post-type=\"page\">\n\t\t\t\t<div class=\"elementor-element elementor-element-13780cd home-slider e-flex e-con-boxed e-con e-parent\" data-id=\"13780cd\" data-element_type=\"container\">\n\t\t\t\t\t<div class=\"e-con-inner\">\n\t\t\t\t<div class=\"elementor-element elementor-element-5fb5b8c elementor-pagination-position-outside elementor-widget elementor-widget-image-carousel\" data-id=\"5fb5b8c\" data-element_type=\"widget\" data-settings=\"{&quot;slides_to_show&quot;:&quot;1&quot;,&quot;navigation&quot;:&quot;dots&quot;,&quot;autoplay_speed&quot;:3000,&quot;speed&quot;:300,&quot;autoplay&quot;:&quot;yes&quot;,&quot;infinite&quot;:&quot;yes&quot;,&quot;effect&quot;:&quot;slide&quot;}\" data-widget_type=\"image-carousel.default\">\n\t\t\t\t<div class=\"elementor-widget-container\">\n\t\t\t\t\t\t\t<div class=\"elementor-image-carousel-wrapper swiper\" role=\"region\" aria-roledescription=\"carousel\" aria-label=\"Afbeelding carrousel\" dir=\"ltr\">\n\t\t\t<div class=\"elementor-image-carousel swiper-wrapper\" aria-live=\"off\">\n\t\t\t\t\t\t\t\t<div class=\"swiper-slide\" role=\"group\" aria-roledescription=\"slide\" aria-label=\"1 sur 4\"><figure class=\"swiper-slide-inner\"><img decoding=\"async\" class=\"swiper-slide-image\" src=\"https:\/\/laborimhorse.redbit.agency\/wp-content\/uploads\/2025\/02\/slider1.jpg\" alt=\"D\u00c9COUVREZ L&#039;AM\u00c9NAGEMENT D&#039;\u00c9CURIE PARFAIT POUR VOS CHEVAUX : CONFORT ET EFFICACIT\u00c9 UNIQUES\" \/><figcaption class=\"elementor-image-carousel-caption\"><a href=\"\/fr\/categorie-produit\/box-pour-chevaux\/\">D\u00c9COUVREZ L'AM\u00c9NAGEMENT D'\u00c9CURIE PARFAIT POUR VOS CHEVAUX : CONFORT ET EFFICACIT\u00c9 UNIQUES<\/a><\/figcaption><\/figure><\/div><div class=\"swiper-slide\" role=\"group\" aria-roledescription=\"slide\" aria-label=\"2 sur 4\"><figure class=\"swiper-slide-inner\"><img decoding=\"async\" class=\"swiper-slide-image\" src=\"https:\/\/laborimhorse.redbit.agency\/wp-content\/uploads\/2025\/11\/174358761898562643.jpg\" alt=\"Chariot de transport\" \/><figcaption class=\"elementor-image-carousel-caption\"><a href=\"#\">Chariot de transport<\/a><\/figcaption><\/figure><\/div><div class=\"swiper-slide\" role=\"group\" aria-roledescription=\"slide\" aria-label=\"3 sur 4\"><figure class=\"swiper-slide-inner\"><img decoding=\"async\" class=\"swiper-slide-image\" src=\"https:\/\/laborimhorse.redbit.agency\/wp-content\/uploads\/2025\/02\/slider2.jpg\" alt=\"RATELIERS A FOIN \/ FILETS\" \/><figcaption class=\"elementor-image-carousel-caption\"><a href=\"#\">RATELIERS A FOIN \/ FILETS<\/a><\/figcaption><\/figure><\/div><div class=\"swiper-slide\" role=\"group\" aria-roledescription=\"slide\" aria-label=\"4 sur 4\"><figure class=\"swiper-slide-inner\"><img decoding=\"async\" class=\"swiper-slide-image\" src=\"https:\/\/laborimhorse.redbit.agency\/wp-content\/uploads\/2025\/02\/slider3.jpg\" alt=\"D\u00c9COUVREZ NOS \u00c9QUIPEMENTS STABLES : QUALIT\u00c9, CONFORT ET FONCTIONNALIT\u00c9\" \/><figcaption class=\"elementor-image-carousel-caption\"><a href=\"#\">D\u00c9COUVREZ NOS \u00c9QUIPEMENTS STABLES : QUALIT\u00c9, CONFORT ET FONCTIONNALIT\u00c9<\/a><\/figcaption><\/figure><\/div>\t\t\t<\/div>\n\t\t\t\t\t\t\t\n\t\t\t\t\t\t\t\t\t<div class=\"swiper-pagination\"><\/div>\n\t\t\t\t\t\t\t\t\t<\/div>\n\t\t\t\t\t\t<\/div>\n\t\t\t\t<\/div>\n\t\t\t\t\t<\/div>\n\t\t\t\t<\/div>\n\t\t<div class=\"elementor-element elementor-element-3a503c3 e-con-full e-flex e-con e-parent\" data-id=\"3a503c3\" data-element_type=\"container\">\n\t\t\t\t<div class=\"elementor-element elementor-element-dcf1637 elementor-widget elementor-widget-shortcode\" data-id=\"dcf1637\" data-element_type=\"widget\" data-widget_type=\"shortcode.default\">\n\t\t\t\t<div class=\"elementor-widget-container\">\n\t\t\t\t\t\t\t<div class=\"elementor-shortcode\">\n    <section class=\"service-section\">\n        <div class=\"container\">\n            <div class=\"row\">\n                                    <div class=\"col-sm-6 col-md-4 col-lg-3 col-xl-2 service-box\">\n                        <div class=\"service-img\">\n                            <img decoding=\"async\" src=\"https:\/\/laborimhorse.redbit.agency\/wp-content\/uploads\/woocommerce-placeholder-300x300.png\" alt=\"900-mm-de-large-fr\">\n                            <a href=\"https:\/\/laborimhorse.redbit.agency\/fr\/categorie-produit\/900-mm-de-large-fr\/\"\n                                class=\"site-btn\">900-mm-de-large-fr<\/a>\n                        <\/div>\n                    <\/div>\n                                    <div class=\"col-sm-6 col-md-4 col-lg-3 col-xl-2 service-box\">\n                        <div class=\"service-img\">\n                            <img decoding=\"async\" src=\"https:\/\/laborimhorse.redbit.agency\/wp-content\/uploads\/woocommerce-placeholder-300x300.png\" alt=\"Am\u00e9nagements\">\n                            <a href=\"https:\/\/laborimhorse.redbit.agency\/fr\/categorie-produit\/amenagements-fr\/\"\n                                class=\"site-btn\">Am\u00e9nagements<\/a>\n                        <\/div>\n                    <\/div>\n                                    <div class=\"col-sm-6 col-md-4 col-lg-3 col-xl-2 service-box\">\n                        <div class=\"service-img\">\n                            <img decoding=\"async\" src=\"https:\/\/laborimhorse.redbit.agency\/wp-content\/uploads\/woocommerce-placeholder-300x300.png\" alt=\"Box pour chevaux\">\n                            <a href=\"https:\/\/laborimhorse.redbit.agency\/fr\/categorie-produit\/box-pour-chevaux-fr\/\"\n                                class=\"site-btn\">Box pour chevaux<\/a>\n                        <\/div>\n                    <\/div>\n                                    <div class=\"col-sm-6 col-md-4 col-lg-3 col-xl-2 service-box\">\n                        <div class=\"service-img\">\n                            <img decoding=\"async\" src=\"https:\/\/laborimhorse.redbit.agency\/wp-content\/uploads\/woocommerce-placeholder-300x300.png\" alt=\"mangeoires-fr\">\n                            <a href=\"https:\/\/laborimhorse.redbit.agency\/fr\/categorie-produit\/mangeoires-fr\/\"\n                                class=\"site-btn\">mangeoires-fr<\/a>\n                        <\/div>\n                    <\/div>\n                                    <div class=\"col-sm-6 col-md-4 col-lg-3 col-xl-2 service-box\">\n                        <div class=\"service-img\">\n                            <img decoding=\"async\" src=\"https:\/\/laborimhorse.redbit.agency\/wp-content\/uploads\/woocommerce-placeholder-300x300.png\" alt=\"Mat\u00e9riel d&#039;\u00e9curie \/ entretiens des boxes\">\n                            <a href=\"https:\/\/laborimhorse.redbit.agency\/fr\/categorie-produit\/materiel-decurie-entretiens-des-boxes-fr\/\"\n                                class=\"site-btn\">Mat\u00e9riel d&#039;\u00e9curie \/ entretiens des boxes<\/a>\n                        <\/div>\n                    <\/div>\n                                    <div class=\"col-sm-6 col-md-4 col-lg-3 col-xl-2 service-box\">\n                        <div class=\"service-img\">\n                            <img decoding=\"async\" src=\"https:\/\/laborimhorse.redbit.agency\/wp-content\/uploads\/woocommerce-placeholder-300x300.png\" alt=\"Piste\">\n                            <a href=\"https:\/\/laborimhorse.redbit.agency\/fr\/categorie-produit\/piste-fr\/\"\n                                class=\"site-btn\">Piste<\/a>\n                        <\/div>\n                    <\/div>\n                            <\/div>\n        <\/div>\n    <\/section>\n\n    \n<\/div>\n\t\t\t\t\t\t<\/div>\n\t\t\t\t<\/div>\n\t\t\t\t<\/div>\n\t\t<div class=\"elementor-element elementor-element-9883920 e-con-full e-flex e-con e-parent\" data-id=\"9883920\" data-element_type=\"container\">\n\t\t\t\t<div class=\"elementor-element elementor-element-cb56501 elementor-widget elementor-widget-shortcode\" data-id=\"cb56501\" data-element_type=\"widget\" data-widget_type=\"shortcode.default\">\n\t\t\t\t<div class=\"elementor-widget-container\">\n\t\t\t\t\t\t\t<div class=\"elementor-shortcode\">    <section class=\"promotion-section\">\n        <div class=\"container\">\n            <h2 class=\"page-title\">Promos<\/h2>\n            <div class=\"row product-row\">\n                                    <div class=\"col-sm-6 col-md-6 col-lg-3 product-box\">\n                        <div class=\"product-img\">\n                            <h3 class=\"card__title\">Verlenging Schuilstal 3,09mx3,18m Douglas 32mm leisten dak<\/h3>\n                            <div class=\"promo-card__image\">\n                                                                    <img decoding=\"async\" src=\"https:\/\/laborimhorse.redbit.agency\/wp-content\/uploads\/2025\/12\/68371328b4a8f-300x254.jpg\" alt=\"Verlenging Schuilstal 3,09mx3,18m Douglas 32mm leisten dak\">\n                                                            <\/div>\n                        <\/div>\n                        <a href=\"https:\/\/laborimhorse.redbit.agency\/fr\/produit\/verlenging-schuilstal-309mx318m-douglas-32mm-leisten-dak\/\" class=\"site-btn product-btn\">\n                            Koop nu                        <\/a>\n                    <\/div>\n                                    <div class=\"col-sm-6 col-md-6 col-lg-3 product-box\">\n                        <div class=\"product-img\">\n                            <h3 class=\"card__title\">Watertankwagen 400L met steunwiel<\/h3>\n                            <div class=\"promo-card__image\">\n                                                                    <img decoding=\"async\" src=\"https:\/\/laborimhorse.redbit.agency\/wp-content\/uploads\/2025\/12\/67ffbf3e4a8ca-300x238.jpeg\" alt=\"Watertankwagen 400L met steunwiel\">\n                                                            <\/div>\n                        <\/div>\n                        <a href=\"https:\/\/laborimhorse.redbit.agency\/fr\/produit\/watertankwagen-400l-met-steunwiel\/\" class=\"site-btn product-btn\">\n                            Koop nu                        <\/a>\n                    <\/div>\n                                    <div class=\"col-sm-6 col-md-6 col-lg-3 product-box\">\n                        <div class=\"product-img\">\n                            <h3 class=\"card__title\">Schuilstal 3,18&#215;3,18 leisteen dak en Douglas hout 19mm<\/h3>\n                            <div class=\"promo-card__image\">\n                                                                    <img decoding=\"async\" src=\"https:\/\/laborimhorse.redbit.agency\/wp-content\/uploads\/2025\/12\/68371186f0503-300x246.jpg\" alt=\"Schuilstal 3,18&#215;3,18 leisteen dak en Douglas hout 19mm\">\n                                                            <\/div>\n                        <\/div>\n                        <a href=\"https:\/\/laborimhorse.redbit.agency\/fr\/produit\/schuilstal-318x318-leisteen-dak-en-douglas-hout-19mm\/\" class=\"site-btn product-btn\">\n                            Koop nu                        <\/a>\n                    <\/div>\n                                    <div class=\"col-sm-6 col-md-6 col-lg-3 product-box\">\n                        <div class=\"product-img\">\n                            <h3 class=\"card__title\">Schuilstal 3,18&#215;3,18 leisteen dak en Douglas hout 32mm<\/h3>\n                            <div class=\"promo-card__image\">\n                                                                    <img decoding=\"async\" src=\"https:\/\/laborimhorse.redbit.agency\/wp-content\/uploads\/2025\/12\/68371160a0e14-300x255.jpg\" alt=\"Schuilstal 3,18&#215;3,18 leisteen dak en Douglas hout 32mm\">\n                                                            <\/div>\n                        <\/div>\n                        <a href=\"https:\/\/laborimhorse.redbit.agency\/fr\/produit\/schuilstal-318x318-leisteen-dak-en-douglas-hout-32mm\/\" class=\"site-btn product-btn\">\n                            Koop nu                        <\/a>\n                    <\/div>\n                                    <div class=\"col-sm-6 col-md-6 col-lg-3 product-box\">\n                        <div class=\"product-img\">\n                            <h3 class=\"card__title\">Verlenging Schuilstal 3,09mx3,18m Douglas hout 32mm BDX dak<\/h3>\n                            <div class=\"promo-card__image\">\n                                                                    <img decoding=\"async\" src=\"https:\/\/laborimhorse.redbit.agency\/wp-content\/uploads\/2025\/12\/683713b5168ae-300x300.jpg\" alt=\"Verlenging Schuilstal 3,09mx3,18m Douglas hout 32mm BDX dak\">\n                                                            <\/div>\n                        <\/div>\n                        <a href=\"https:\/\/laborimhorse.redbit.agency\/fr\/produit\/verlenging-schuilstal-309mx318m-douglas-hout-32mm-bdx-dak\/\" class=\"site-btn product-btn\">\n                            Koop nu                        <\/a>\n                    <\/div>\n                                    <div class=\"col-sm-6 col-md-6 col-lg-3 product-box\">\n                        <div class=\"product-img\">\n                            <h3 class=\"card__title\">Verlenging Schuilstal 3,09mx3,18m Douglas 19mm leisteen dak<\/h3>\n                            <div class=\"promo-card__image\">\n                                                                    <img decoding=\"async\" src=\"https:\/\/laborimhorse.redbit.agency\/wp-content\/uploads\/2025\/12\/68371303536b3-300x254.jpg\" alt=\"Verlenging Schuilstal 3,09mx3,18m Douglas 19mm leisteen dak\">\n                                                            <\/div>\n                        <\/div>\n                        <a href=\"https:\/\/laborimhorse.redbit.agency\/fr\/produit\/verlenging-schuilstal-309mx318m-douglas-19mm-leisteen-dak\/\" class=\"site-btn product-btn\">\n                            Koop nu                        <\/a>\n                    <\/div>\n                                    <div class=\"col-sm-6 col-md-6 col-lg-3 product-box\">\n                        <div class=\"product-img\">\n                            <h3 class=\"card__title\">Verlenging Schuilstal 3,09mx3,18m Douglas hout 19mm BDX dak<\/h3>\n                            <div class=\"promo-card__image\">\n                                                                    <img decoding=\"async\" src=\"https:\/\/laborimhorse.redbit.agency\/wp-content\/uploads\/2025\/12\/683715eef3b14-300x253.jpg\" alt=\"Verlenging Schuilstal 3,09mx3,18m Douglas hout 19mm BDX dak\">\n                                                            <\/div>\n                        <\/div>\n                        <a href=\"https:\/\/laborimhorse.redbit.agency\/fr\/produit\/verlenging-schuilstal-309mx318m-douglas-hout-19mm-bdx-dak\/\" class=\"site-btn product-btn\">\n                            Koop nu                        <\/a>\n                    <\/div>\n                            <\/div>\n        <\/div>\n    <\/section>\n    <\/div>\n\t\t\t\t\t\t<\/div>\n\t\t\t\t<\/div>\n\t\t\t\t<\/div>\n\t\t\t\t<\/div>\n\t\t","protected":false},"excerpt":{"rendered":"<p>D\u00c9COUVREZ L&rsquo;AM\u00c9NAGEMENT D&rsquo;\u00c9CURIE PARFAIT POUR VOS CHEVAUX : CONFORT ET EFFICACIT\u00c9 UNIQUES Chariot de transport RATELIERS A FOIN \/ FILETS D\u00c9COUVREZ NOS \u00c9QUIPEMENTS STABLES : QUALIT\u00c9, CONFORT ET FONCTIONNALIT\u00c9<\/p>\n","protected":false},"author":1,"featured_media":0,"parent":0,"menu_order":0,"comment_status":"closed","ping_status":"closed","template":"","meta":{"footnotes":""},"class_list":["post-71","page","type-page","status-publish","hentry"],"aioseo_notices":[],"_links":{"self":[{"href":"https:\/\/laborimhorse.redbit.agency\/fr\/wp-json\/wp\/v2\/pages\/71","targetHints":{"allow":["GET"]}}],"collection":[{"href":"https:\/\/laborimhorse.redbit.agency\/fr\/wp-json\/wp\/v2\/pages"}],"about":[{"href":"https:\/\/laborimhorse.redbit.agency\/fr\/wp-json\/wp\/v2\/types\/page"}],"author":[{"embeddable":true,"href":"https:\/\/laborimhorse.redbit.agency\/fr\/wp-json\/wp\/v2\/users\/1"}],"replies":[{"embeddable":true,"href":"https:\/\/laborimhorse.redbit.agency\/fr\/wp-json\/wp\/v2\/comments?post=71"}],"version-history":[{"count":40,"href":"https:\/\/laborimhorse.redbit.agency\/fr\/wp-json\/wp\/v2\/pages\/71\/revisions"}],"predecessor-version":[{"id":12617,"href":"https:\/\/laborimhorse.redbit.agency\/fr\/wp-json\/wp\/v2\/pages\/71\/revisions\/12617"}],"wp:attachment":[{"href":"https:\/\/laborimhorse.redbit.agency\/fr\/wp-json\/wp\/v2\/media?parent=71"}],"curies":[{"name":"wp","href":"https:\/\/api.w.org\/{rel}","templated":true}]}}