{"id":435,"date":"2025-02-28T13:17:39","date_gmt":"2025-02-28T13:17:39","guid":{"rendered":"https:\/\/laborimhorse.redbit.agency\/registre\/"},"modified":"2025-03-03T11:19:13","modified_gmt":"2025-03-03T11:19:13","slug":"registre","status":"publish","type":"page","link":"https:\/\/laborimhorse.redbit.agency\/fr\/registre\/","title":{"rendered":"Registre"},"content":{"rendered":"    <div class=\"ps-account\" style=\"max-width: 100%;\">\n        <div class=\"container\">\n            <div class=\"row justify-content-center pt-5 pb-5\">\n                <div class=\"col-md-8 signup\">\n                    <form method=\"post\" class=\"woocommerce-form woocommerce-form-register register\"\n                        enctype=\"multipart\/form-data\">\n                        <input type=\"hidden\" id=\"woocommerce-register-nonce\" name=\"woocommerce-register-nonce\" value=\"0aa9755306\" \/><input type=\"hidden\" name=\"_wp_http_referer\" value=\"\/fr\/wp-json\/wp\/v2\/pages\/435\" \/>\n                        <h2 class=\"title\">S&#039;inscrire<\/h2>\n\n                        <input type=\"hidden\" name=\"title\" id=\"title\">\n\n                        <div class=\"row\">\n                            <div class=\"col-md-6 form-group\">\n                                <label for=\"type_client\">Type client *<\/label>\n                                <select class=\"form-control\" name=\"type_client\" id=\"type_client\" required>\n                                    <option value=\"\">Select type<\/option>\n                                    <option value=\"B2B\">Business<\/option>\n                                    <option value=\"B2C\">Private<\/option>\n                                <\/select>\n                            <\/div>\n                        <\/div>\n\n                        <div class=\"row\">\n                            <div class=\"col-md-6 form-group\">\n                                <label for=\"first_name\">Pr\u00e9nom *<\/label>\n                                <input type=\"text\" name=\"first_name\" class=\"form-control\" required \/>\n                            <\/div>\n                            <div class=\"col-md-6 form-group\">\n                                <label for=\"last_name\">Nom de famille *<\/label>\n                                <input type=\"text\" name=\"last_name\" class=\"form-control\" required \/>\n                            <\/div>\n                        <\/div>\n\n                        <div class=\"row\">\n                            <div class=\"col-md-12 form-group\">\n                                <label for=\"email\">Email *<\/label>\n                                <input type=\"email\" name=\"email\" class=\"form-control\" required \/>\n                            <\/div>\n                        <\/div>\n\n                        <div class=\"row\">\n                            <div class=\"col-md-6 form-group\">\n                                <label for=\"address_street\">Rue<\/label>\n                                <input type=\"text\" name=\"address_street\" class=\"form-control\">\n                            <\/div>\n                            <div class=\"col-md-6 form-group\">\n                                <label for=\"address_number_bus\">Num\u00e9ro + bo\u00eete<\/label>\n                                <input type=\"text\" name=\"address_number_bus\" class=\"form-control\">\n                            <\/div>\n                        <\/div>\n\n                        <div class=\"row\">\n                            <div class=\"col-md-6 form-group\">\n                                <label for=\"address_zip\">Code postal<\/label>\n                                <input type=\"text\" name=\"address_zip\" class=\"form-control\">\n                            <\/div>\n                            <div class=\"col-md-6 form-group\">\n                                <label for=\"address_city\">Ville<\/label>\n                                <input type=\"text\" name=\"address_city\" class=\"form-control\">\n                            <\/div>\n                        <\/div>\n\n                        <div class=\"row mb-2\">\n                            <div class=\"col-md-12\">\n                                <div class=\"form-check\">\n                                    <input class=\"form-check-input\" type=\"checkbox\" id=\"invoicing_same_as_shipping\"\n                                        name=\"invoicing_same_as_shipping\" checked>\n                                    <label\n                                        for=\"invoicing_same_as_shipping\">Invoicing address is the same as shipping<\/label>\n                                <\/div>\n                            <\/div>\n                        <\/div>\n\n                        <div class=\"row\">\n                            <div class=\"col-md-6 form-group\">\n                                <label for=\"password\"\n                                    class=\"ps-form__label \">Mot de passe *<\/label>\n                                <div class=\"input-group\">\n                                    <input name=\"password\" class=\"form-control ps-form__input password-field\"\n                                        type=\"password\" id=\"password\">\n                                    <div class=\"input-group-append\">\n                                        <a class=\"fa fa-eye-slash toggle-password\" href=\"javascript:void(0);\"\n                                            data-target=\"#password\"><\/a>\n                                    <\/div>\n                                <\/div>\n                            <\/div>\n\n                            <div class=\"col-md-6 form-group\">\n                                <label for=\"password_confirmation\"\n                                    class=\"ps-form__label\">Confirmer Votre Mot de Passe *<\/label>\n                                <div class=\"input-group\">\n                                    <input name=\"password_confirmation\" class=\"form-control ps-form__input password-field\"\n                                        type=\"password\" id=\"password_confirmation\">\n                                    <div class=\"input-group-append\">\n                                        <a class=\"fa fa-eye-slash toggle-password\" href=\"javascript:void(0);\"\n                                            data-target=\"#password_confirmation\"><\/a>\n                                    <\/div>\n                                <\/div>\n                            <\/div>\n                        <\/div>\n\n\n                        <div class=\"row mt-2\">\n                            <div class=\"col-md-12\">\n                                <div class=\"form-check\">\n                                    <input class=\"form-check-input\" type=\"checkbox\" id=\"gdpr\" name=\"gdpr\">\n                                    <label\n                                        for=\"gdpr\">En soumettant ce formulaire J&#039;accepte que mes informations soient utilis\u00e9es exclusivement dans le cadre de ma demande et de la relation commerciale \u00e9thique et personnalis\u00e9e qui pourrait en d\u00e9couler si je le souhaite<\/label>\n                                <\/div>\n                            <\/div>\n                        <\/div>\n\n                        <div class=\"row mt-2\">\n                            <div class=\"col-md-12\">\n                                <div class=\"form-check\">\n                                    <input class=\"form-check-input\" type=\"checkbox\" id=\"newsletter\" name=\"newsletter\"\n                                        value=\"1\">\n                                    <label\n                                        for=\"newsletter\">Je veux m&#039;inscrire \u00e0 la newsletter<\/label>\n                                <\/div>\n                            <\/div>\n                        <\/div>\n                        <div class=\"row mt-3\">\n                            <div class=\"ps-form__submit col-lg-12 text-center\">\n                                <button type=\"submit\"\n                                    class=\"mt-3 w-50 site-btn\">S&#039;inscrire<\/button>\n                            <\/div>\n                        <\/div>\n                    <\/form>\n                    <p class=\"text-center mt-2\">\n                        Vous avez d\u00e9j\u00e0 un compte? <a href=\"\/fr\/connexion\/\">S&#039;identifier<\/a>                    <\/p>\n                <\/div>\n            <\/div>\n        <\/div>\n    <\/div>\n    <script>\n        document.addEventListener(\"DOMContentLoaded\", function () {\n            document.querySelectorAll(\".toggle-password\").forEach(function (element) {\n                element.addEventListener(\"click\", function () {\n                    let targetInput = document.querySelector(this.getAttribute(\"data-target\"));\n                    if (targetInput.type === \"password\") {\n                        targetInput.type = \"text\";\n                        this.classList.remove(\"fa-eye-slash\");\n                        this.classList.add(\"fa-eye\");\n                    } else {\n                        targetInput.type = \"password\";\n                        this.classList.remove(\"fa-eye\");\n                        this.classList.add(\"fa-eye-slash\");\n                    }\n                });\n            });\n        });\n    <\/script>\n    \n","protected":false},"excerpt":{"rendered":"","protected":false},"author":1,"featured_media":0,"parent":0,"menu_order":0,"comment_status":"closed","ping_status":"closed","template":"","meta":{"footnotes":""},"class_list":["post-435","page","type-page","status-publish","hentry"],"aioseo_notices":[],"_links":{"self":[{"href":"https:\/\/laborimhorse.redbit.agency\/fr\/wp-json\/wp\/v2\/pages\/435","targetHints":{"allow":["GET"]}}],"collection":[{"href":"https:\/\/laborimhorse.redbit.agency\/fr\/wp-json\/wp\/v2\/pages"}],"about":[{"href":"https:\/\/laborimhorse.redbit.agency\/fr\/wp-json\/wp\/v2\/types\/page"}],"author":[{"embeddable":true,"href":"https:\/\/laborimhorse.redbit.agency\/fr\/wp-json\/wp\/v2\/users\/1"}],"replies":[{"embeddable":true,"href":"https:\/\/laborimhorse.redbit.agency\/fr\/wp-json\/wp\/v2\/comments?post=435"}],"version-history":[{"count":1,"href":"https:\/\/laborimhorse.redbit.agency\/fr\/wp-json\/wp\/v2\/pages\/435\/revisions"}],"predecessor-version":[{"id":436,"href":"https:\/\/laborimhorse.redbit.agency\/fr\/wp-json\/wp\/v2\/pages\/435\/revisions\/436"}],"wp:attachment":[{"href":"https:\/\/laborimhorse.redbit.agency\/fr\/wp-json\/wp\/v2\/media?parent=435"}],"curies":[{"name":"wp","href":"https:\/\/api.w.org\/{rel}","templated":true}]}}