{"id":217,"date":"2025-02-28T05:10:36","date_gmt":"2025-02-28T05:10:36","guid":{"rendered":"https:\/\/laborimhorse.redbit.agency\/a-propos-de-nous\/"},"modified":"2025-03-05T08:19:05","modified_gmt":"2025-03-05T08:19:05","slug":"a-propos-de-nous","status":"publish","type":"page","link":"https:\/\/laborimhorse.redbit.agency\/fr\/a-propos-de-nous\/","title":{"rendered":"A propos de nous"},"content":{"rendered":"\t\t<div data-elementor-type=\"wp-page\" data-elementor-id=\"217\" class=\"elementor elementor-217 elementor-136\" data-elementor-post-type=\"page\">\n\t\t\t\t<div class=\"elementor-element elementor-element-6bd242e about-page-section e-flex e-con-boxed e-con e-parent\" data-id=\"6bd242e\" data-element_type=\"container\">\n\t\t\t\t\t<div class=\"e-con-inner\">\n\t\t\t\t<div class=\"elementor-element elementor-element-62a53ba p-3 elementor-widget elementor-widget-image\" data-id=\"62a53ba\" data-element_type=\"widget\" data-widget_type=\"image.default\">\n\t\t\t\t<div class=\"elementor-widget-container\">\n\t\t\t\t\t\t\t\t\t\t\t\t\t\t\t<img decoding=\"async\" width=\"54\" height=\"54\" src=\"https:\/\/laborimhorse.redbit.agency\/wp-content\/uploads\/2025\/02\/1694425865_welcome.png\" class=\"attachment-large size-large wp-image-143\" alt=\"\" \/>\t\t\t\t\t\t\t\t\t\t\t\t\t\t\t<\/div>\n\t\t\t\t<\/div>\n\t\t\t\t<div class=\"elementor-element elementor-element-ab07f93 elementor-widget elementor-widget-heading\" data-id=\"ab07f93\" data-element_type=\"widget\" data-widget_type=\"heading.default\">\n\t\t\t\t<div class=\"elementor-widget-container\">\n\t\t\t\t\t<h2 class=\"elementor-heading-title elementor-size-default\">Bienvenue \u00e0 Laborim Horse<\/h2>\t\t\t\t<\/div>\n\t\t\t\t<\/div>\n\t\t\t\t<div class=\"elementor-element elementor-element-341b73a elementor-widget elementor-widget-text-editor\" data-id=\"341b73a\" data-element_type=\"widget\" data-widget_type=\"text-editor.default\">\n\t\t\t\t<div class=\"elementor-widget-container\">\n\t\t\t\t\t\t\t\t\t<div class=\"content pt-2\"><p>Laborim est une entreprise dynamique sp\u00e9cialis\u00e9e dans <b>la fourniture de mat\u00e9riaux essentiels pour l&rsquo;am\u00e9nagement des \u00e9tables de bovins laitiers et de bovins \u00e0 viande, d&rsquo;ovins et de chevaux.<\/b> Notre boutique en ligne s&rsquo;est r\u00e9cemment enrichie d&rsquo;une large gamme de produits pour chevaux. Chez Laborim, nous proposons une gamme \u00e9tendue pour les \u00e9curies, les p\u00e2turages, les paddocks, les selleries, les chariots d&rsquo;alimentation et bien plus encore.<\/p><p>Que vous soyez un <b>\u00e9leveur professionnel<\/b> ou un <b>propri\u00e9taire de chevaux passionn\u00e9,<\/b> chez Laborim nous pensons qu&rsquo;il est important de vous fournir les meilleures solutions. Nous savons que l&rsquo;am\u00e9nagement de votre \u00e9curie et les installations destin\u00e9es \u00e0 vos chevaux sont essentiels \u00e0 leur bien-\u00eatre et \u00e0 votre confort. C&rsquo;est pourquoi nous nous effor\u00e7ons d&rsquo;offrir des <b>mat\u00e9riaux et des produits de haute qualit\u00e9<\/b> qui sont durables, fonctionnels et abordables.<\/p><p>Notre gamme comprend une vari\u00e9t\u00e9 de produits, notamment des panneaux d&rsquo;\u00e9curie, des mangeoires, des syst\u00e8mes d&rsquo;abreuvement, des cl\u00f4tures, des haies, des \u00e9quipements de sellerie, des \u00e9clairages, des chariots d&rsquo;alimentation et bien d&rsquo;autres choses encore. Nous travaillons avec des marques et des fournisseurs r\u00e9put\u00e9s pour leur <b>qualit\u00e9 et leur fiabilit\u00e9.<\/b><\/p><p>Chez Laborim, nous croyons \u00e9galement en l&rsquo;<b>excellence du service \u00e0 la client\u00e8le.<\/b> Notre \u00e9quipe est pr\u00eate \u00e0 vous donner des conseils d&rsquo;expert et \u00e0 vous aider \u00e0 faire les bons choix pour votre \u00e9curie et votre \u00e9quipement \u00e9questre. Nous nous effor\u00e7ons de faire en sorte que votre exp\u00e9rience avec nous soit la plus agr\u00e9able possible, depuis le moment de la commande jusqu&rsquo;\u00e0 la livraison de vos produits.<\/p><p>Nous vous invitons \u00e0 consulter notre <b>boutique en ligne<\/b> et \u00e0 d\u00e9couvrir les produits qui r\u00e9pondent le mieux \u00e0 vos besoins. Si vous avez des questions ou si vous avez besoin d&rsquo;un conseil personnalis\u00e9, n&rsquo;h\u00e9sitez pas \u00e0 nous contacter. Laborim est pr\u00eat \u00e0 vous aider \u00e0 concevoir votre environnement \u00e9quin et \u00e0 cr\u00e9er un cadre de vie confortable et fonctionnel pour vos chevaux bien-aim\u00e9s.<\/p><\/div>\t\t\t\t\t\t\t\t<\/div>\n\t\t\t\t<\/div>\n\t\t\t\t<div class=\"elementor-element elementor-element-a16bac8 elementor-align-center site-btn p-5 elementor-widget elementor-widget-button\" data-id=\"a16bac8\" data-element_type=\"widget\" data-widget_type=\"button.default\">\n\t\t\t\t<div class=\"elementor-widget-container\">\n\t\t\t\t\t\t\t\t\t<div class=\"elementor-button-wrapper\">\n\t\t\t\t\t<a class=\"elementor-button elementor-size-sm\" role=\"button\">\n\t\t\t\t\t\t<span class=\"elementor-button-content-wrapper\">\n\t\t\t\t\t\t\t\t\t<span class=\"elementor-button-text\">Au magasin<\/span>\n\t\t\t\t\t<\/span>\n\t\t\t\t\t<\/a>\n\t\t\t\t<\/div>\n\t\t\t\t\t\t\t\t<\/div>\n\t\t\t\t<\/div>\n\t\t\t\t\t<\/div>\n\t\t\t\t<\/div>\n\t\t<div class=\"elementor-element elementor-element-4ef03c5 e-con-full e-flex e-con e-parent\" data-id=\"4ef03c5\" data-element_type=\"container\">\n\t\t\t\t<div class=\"elementor-element elementor-element-d3e4729 elementor-widget elementor-widget-image\" data-id=\"d3e4729\" data-element_type=\"widget\" data-widget_type=\"image.default\">\n\t\t\t\t<div class=\"elementor-widget-container\">\n\t\t\t\t\t\t\t\t\t\t\t\t\t\t\t<img fetchpriority=\"high\" decoding=\"async\" width=\"1920\" height=\"590\" src=\"https:\/\/laborimhorse.redbit.agency\/wp-content\/uploads\/2025\/02\/horse.png\" class=\"attachment-full size-full wp-image-206\" alt=\"\" srcset=\"https:\/\/laborimhorse.redbit.agency\/wp-content\/uploads\/2025\/02\/horse.png 1920w, https:\/\/laborimhorse.redbit.agency\/wp-content\/uploads\/2025\/02\/horse-300x92.png 300w, https:\/\/laborimhorse.redbit.agency\/wp-content\/uploads\/2025\/02\/horse-1024x315.png 1024w, https:\/\/laborimhorse.redbit.agency\/wp-content\/uploads\/2025\/02\/horse-768x236.png 768w, https:\/\/laborimhorse.redbit.agency\/wp-content\/uploads\/2025\/02\/horse-1536x472.png 1536w, https:\/\/laborimhorse.redbit.agency\/wp-content\/uploads\/2025\/02\/horse-600x184.png 600w\" sizes=\"(max-width: 1920px) 100vw, 1920px\" \/>\t\t\t\t\t\t\t\t\t\t\t\t\t\t\t<\/div>\n\t\t\t\t<\/div>\n\t\t\t\t<\/div>\n\t\t\t\t<\/div>\n\t\t","protected":false},"excerpt":{"rendered":"<p>Bienvenue \u00e0 Laborim Horse Laborim est une entreprise dynamique sp\u00e9cialis\u00e9e dans la fourniture de mat\u00e9riaux essentiels pour l&rsquo;am\u00e9nagement des \u00e9tables de bovins laitiers et de bovins \u00e0 viande, d&rsquo;ovins et de chevaux. Notre boutique en ligne s&rsquo;est r\u00e9cemment enrichie d&rsquo;une large gamme de produits pour chevaux. Chez Laborim, nous proposons une gamme \u00e9tendue pour les [&hellip;]<\/p>\n","protected":false},"author":1,"featured_media":0,"parent":0,"menu_order":0,"comment_status":"closed","ping_status":"closed","template":"","meta":{"footnotes":""},"class_list":["post-217","page","type-page","status-publish","hentry"],"aioseo_notices":[],"_links":{"self":[{"href":"https:\/\/laborimhorse.redbit.agency\/fr\/wp-json\/wp\/v2\/pages\/217","targetHints":{"allow":["GET"]}}],"collection":[{"href":"https:\/\/laborimhorse.redbit.agency\/fr\/wp-json\/wp\/v2\/pages"}],"about":[{"href":"https:\/\/laborimhorse.redbit.agency\/fr\/wp-json\/wp\/v2\/types\/page"}],"author":[{"embeddable":true,"href":"https:\/\/laborimhorse.redbit.agency\/fr\/wp-json\/wp\/v2\/users\/1"}],"replies":[{"embeddable":true,"href":"https:\/\/laborimhorse.redbit.agency\/fr\/wp-json\/wp\/v2\/comments?post=217"}],"version-history":[{"count":4,"href":"https:\/\/laborimhorse.redbit.agency\/fr\/wp-json\/wp\/v2\/pages\/217\/revisions"}],"predecessor-version":[{"id":579,"href":"https:\/\/laborimhorse.redbit.agency\/fr\/wp-json\/wp\/v2\/pages\/217\/revisions\/579"}],"wp:attachment":[{"href":"https:\/\/laborimhorse.redbit.agency\/fr\/wp-json\/wp\/v2\/media?parent=217"}],"curies":[{"name":"wp","href":"https:\/\/api.w.org\/{rel}","templated":true}]}}